{"id":709,"date":"2016-10-25T11:32:40","date_gmt":"2016-10-25T10:32:40","guid":{"rendered":"https:\/\/www.groupe-adiona.com\/?page_id=709"},"modified":"2020-12-09T14:01:34","modified_gmt":"2020-12-09T13:01:34","slug":"espace-carrieres-groupe-adiona","status":"publish","type":"page","link":"https:\/\/www.groupe-adiona.com\/fr\/espace-carrieres-groupe-adiona\/","title":{"rendered":"Espace Carri\u00e8res"},"content":{"rendered":"<p>[vc_row el_class=\u00a0\u00bbsection mention-legales\u00a0\u00bb][vc_column][vc_column_text]<\/p>\n<h2>Espace Carri\u00e8res<\/h2>\n<p>[\/vc_column_text][vc_row_inner css=\u00a0\u00bb.vc_custom_1462291804608{padding-bottom: 550px !important;}\u00a0\u00bb][vc_column_inner][vc_column_text]<img loading=\"lazy\" class=\"wp-image-1388 aligncenter\" src=\"https:\/\/www.groupe-adiona.com\/wp-content\/uploads\/2018\/09\/Photo-linkedin-groupe-adiona.jpg\" alt=\"\" width=\"648\" height=\"216\" srcset=\"https:\/\/www.groupe-adiona.com\/wp-content\/uploads\/2018\/09\/Photo-linkedin-groupe-adiona.jpg 1500w, https:\/\/www.groupe-adiona.com\/wp-content\/uploads\/2018\/09\/Photo-linkedin-groupe-adiona-300x100.jpg 300w, https:\/\/www.groupe-adiona.com\/wp-content\/uploads\/2018\/09\/Photo-linkedin-groupe-adiona-768x256.jpg 768w, https:\/\/www.groupe-adiona.com\/wp-content\/uploads\/2018\/09\/Photo-linkedin-groupe-adiona-1024x341.jpg 1024w\" sizes=\"(max-width: 648px) 100vw, 648px\" \/><\/p>\n<p>&nbsp;<\/p>\n<p style=\"text-align: center;\">Vous souhaitez rejoindre <a href=\"https:\/\/www.groupe-adiona.com\/fr\/le-reseau-adiona\/\" target=\"_blank\" rel=\"noopener\">nos \u00e9quipes<\/a> ?<\/p>\n<p>&nbsp;<\/p>\n<p style=\"text-align: center;\">Postulez \u00e0 l&rsquo;une des offres d&#8217;emploi\/stage ci-dessous.<\/p>\n<p>&nbsp;<\/p>\n<p>&nbsp;<\/p>\n<p>Le Groupe Adiona est <strong>le cr\u00e9ateur de talents par l\u2019exp\u00e9rience<\/strong> en France comme \u00e0 l\u2019\u00e9tranger : orientation professionnelle, stages \u00e0 l\u2019\u00e9tranger, Visa J-1, jobs d\u2019\u00e9t\u00e9, s\u00e9jours \u00ab Au Pair \u00bb, s\u00e9jours linguistiques\u2026<\/p>\n<p>&nbsp;<\/p>\n<p><strong>Notre passion :<\/strong>\u00a0faire bouger les jeunes, nos \u00ab Mov\u2019 Explorers \u00bb pour r\u00e9veiller leurs talents, les challenger et aff\u00fbter leurs connaissances lors d\u2019une exp\u00e9rience bas\u00e9e sur l\u2019ouverture, la rencontre, l\u2019inconnu et le d\u00e9passement de soi.<\/p>\n<p>&nbsp;<\/p>\n<p><strong>Nos valeurs :<\/strong>\u00a0passion, audace, challenge et bien-\u00eatre.<\/p>\n<p>&nbsp;<\/p>\n<p>Si vous vous reconnaissez dans ces valeurs, rejoignez-nous d\u00e8s maintenant.<\/p>\n<p>&nbsp;<\/p>\n<p><b>Offres de stage et d&#8217;emploi \u00e0 pourvoir :<\/b><\/p>\n<p>Malheureusement nous n&rsquo;avons aucune offre pour le moment.<\/p>\n<p>&nbsp;<\/p>\n<p>Vous voulez contribuer \u00e0 l&rsquo;aventure Groupe Adiona mais les opportunit\u00e9s \u00e0 pourvoir ne vous correspondent pas ? N&rsquo;h\u00e9sitez pas \u00e0 nous faire parvenir votre candidature spontan\u00e9e \u00e0 <a href=\"mailto:contact@groupe-adiona.com\" target=\"_blank\" rel=\"noopener\">contact@groupe-adiona.com<\/a>.<\/p>\n<p>&nbsp;<\/p>\n<p>\u00c0 tr\u00e8s vite !<\/p>\n<p>[\/vc_column_text][\/vc_column_inner][\/vc_row_inner][\/vc_column][\/vc_row]<\/p>\n","protected":false},"excerpt":{"rendered":"<p>[vc_row el_class=\u00a0\u00bbsection mention-legales\u00a0\u00bb][vc_column][vc_column_text] Espace Carri\u00e8res [\/vc_column_text][vc_row_inner css=\u00a0\u00bb.vc_custom_1462291804608{padding-bottom: 550px !important;}\u00a0\u00bb][vc_column_inner][vc_column_text] &nbsp; Vous souhaitez rejoindre nos \u00e9quipes ? &nbsp; Postulez \u00e0 l&rsquo;une [&hellip;]<\/p>\n","protected":false},"author":1,"featured_media":0,"parent":0,"menu_order":0,"comment_status":"closed","ping_status":"closed","template":"","meta":[],"_links":{"self":[{"href":"https:\/\/www.groupe-adiona.com\/fr\/wp-json\/wp\/v2\/pages\/709"}],"collection":[{"href":"https:\/\/www.groupe-adiona.com\/fr\/wp-json\/wp\/v2\/pages"}],"about":[{"href":"https:\/\/www.groupe-adiona.com\/fr\/wp-json\/wp\/v2\/types\/page"}],"author":[{"embeddable":true,"href":"https:\/\/www.groupe-adiona.com\/fr\/wp-json\/wp\/v2\/users\/1"}],"replies":[{"embeddable":true,"href":"https:\/\/www.groupe-adiona.com\/fr\/wp-json\/wp\/v2\/comments?post=709"}],"version-history":[{"count":111,"href":"https:\/\/www.groupe-adiona.com\/fr\/wp-json\/wp\/v2\/pages\/709\/revisions"}],"predecessor-version":[{"id":2483,"href":"https:\/\/www.groupe-adiona.com\/fr\/wp-json\/wp\/v2\/pages\/709\/revisions\/2483"}],"wp:attachment":[{"href":"https:\/\/www.groupe-adiona.com\/fr\/wp-json\/wp\/v2\/media?parent=709"}],"curies":[{"name":"wp","href":"https:\/\/api.w.org\/{rel}","templated":true}]}}