{"id":7,"date":"2016-03-31T17:44:49","date_gmt":"2016-03-31T16:44:49","guid":{"rendered":"http:\/\/localhost\/adiona\/?page_id=7"},"modified":"2018-01-16T16:59:24","modified_gmt":"2018-01-16T15:59:24","slug":"le-groupe-adiona","status":"publish","type":"page","link":"https:\/\/www.groupe-adiona.com\/fr\/le-groupe-adiona\/","title":{"rendered":"Le groupe"},"content":{"rendered":"<p>[vc_row el_class=\u00a0\u00bbslide-1-groupe section\u00a0\u00bb css=\u00a0\u00bb.vc_custom_1461688476919{padding-top: 150px !important;padding-right: 40px !important;padding-bottom: 50px !important;padding-left: 40px !important;background: #77575a url(https:\/\/www.groupe-adiona.com\/wp-content\/uploads\/2016\/03\/backgd-groupe3.jpg?id=367) !important;background-position: center !important;background-repeat: no-repeat !important;background-size: cover !important;}\u00a0\u00bb][vc_column width=\u00a0\u00bb1\/2&Prime; css=\u00a0\u00bb.vc_custom_1462290828303{padding-bottom: 250px !important;}\u00a0\u00bb][vc_column_text]<\/p>\n<h6>WE ARE<\/h6>\n<h2><span style=\"color: #ffffff;\">Notre vision et nos missions<\/span><\/h2>\n<p>[\/vc_column_text][vc_column_text el_class=\u00a0\u00bbcitation-groupe\u00a0\u00bb]<img loading=\"lazy\" class=\"alignleft size-full wp-image-92\" src=\"https:\/\/www.groupe-adiona.com\/wp-content\/uploads\/2016\/03\/guillemet-ouvert.png\" alt=\"t\u00e9moignage d'\u00e9tudiants ayant fait un stage \u00e0 l'\u00e9tranger\" width=\"50\" height=\"50\" \/><span style=\"color: #ffffff;\">Une exp\u00e9rience \u00e0 l\u2019\u00e9tranger est actuellement indispensable pour l\u2019avenir professionnel d\u2019un \u00e9tudiant.<br \/>\nC\u2019est pourquoi le Groupe Adiona met tout en \u0153uvre pour permettre \u00e0 tous les jeunes de partir vivre une exp\u00e9rience unique et inoubliable en dehors de nos fronti\u00e8res.<img loading=\"lazy\" class=\"alignright size-full wp-image-91\" src=\"https:\/\/www.groupe-adiona.com\/wp-content\/uploads\/2016\/03\/guillemet-ferme.png\" alt=\"des \u00e9tudiants avec une exp\u00e9rience \u00e0 l'\u00e9tranger\" width=\"50\" height=\"50\" \/><\/span>[\/vc_column_text][vc_column_text]<span style=\"color: #ffffff;\">Depuis 2009, ce sont pr\u00e8s de 40 000 \u00e9tudiants qui ont fait appel \u00e0 nos services pour partir \u00e0 l\u2019\u00e9tranger, notre but \u00e9tant de devenir un acteur incontournable de l\u2019exp\u00e9rience \u00e9tudiante, en particulier \u00e0 l\u2019\u00e9tranger. Pour cela, notre devise est de toujours mieux r\u00e9pondre aux attentes des \u00e9tudiants en leur proposant des services innovants bas\u00e9s sur notre expertise.<\/span><\/p>\n<p>&nbsp;<\/p>\n<p><span style=\"color: #ffffff;\">Notre mission ? Ouvrir les portes de l\u2019international aux \u00e9tudiants dans tous leurs projets leur permet d\u2019acqu\u00e9rir une exp\u00e9rience \u00e0 l\u2019\u00e9tranger indispensable tant sur le plan personnel que professionnel.<\/span>[\/vc_column_text][\/vc_column][vc_column width=\u00a0\u00bb1\/2&Prime;][\/vc_column][\/vc_row][vc_row el_class=\u00a0\u00bbslide-1-groupe section middle\u00a0\u00bb css=\u00a0\u00bb.vc_custom_1462290799154{padding-top: 150px !important;padding-right: 40px !important;padding-bottom: 50px !important;padding-left: 40px !important;background: #77575a url(https:\/\/www.groupe-adiona.com\/wp-content\/uploads\/2016\/03\/backgd-groupe5.jpg?id=382) !important;background-position: center !important;background-repeat: no-repeat !important;background-size: cover !important;}\u00a0\u00bb][vc_column][vc_column_text]<\/p>\n<h6>WE ARE<\/h6>\n<h2><span style=\"color: #ffffff;\">Nos valeurs<\/span><\/h2>\n<p>[\/vc_column_text][vc_row_inner][vc_column_inner width=\u00a0\u00bb1\/4&Prime;][\/vc_column_inner][vc_column_inner width=\u00a0\u00bb1\/2&Prime;][vc_column_text]<\/p>\n<ul>\n<li><span style=\"color: #c3b9b9 !important;\"><strong>OUVERTURE : <\/strong><\/span><span style=\"color: #fff;\">rendre accessible les services que le groupe Adiona propose pour qu\u2019un maximum d\u2019\u00e9tudiants puissent partir \u00e0 l\u2019\u00e9tranger et se donner les moyens d\u2019am\u00e9liorer leurs comp\u00e9tences et\u00a0\u00eatre par\u00e9 au monde du travail.<\/span><\/li>\n<li><span style=\"color: #c3b9b9 !important;\"><strong>AMBITION : <\/strong><\/span><span style=\"color: #fff;\">amener les \u00e9tudiants \u00e0 r\u00e9aliser des projets ambitieux afin de les faire m\u00fbrir et leur permettre d\u2019acqu\u00e9rir des comp\u00e9tences professionnelles impossible \u00e0 avoir sans une exp\u00e9rience \u00e0 l\u2019\u00e9tranger.<\/span><\/li>\n<li><span style=\"color: #c3b9b9 !important;\"><strong>FIABILIT\u00c9 : <\/strong><\/span><span style=\"color: #fff;\">aucun compromis possible au sein du Groupe Adiona, quant \u00e0 la qualit\u00e9 des services que nous proposons aux \u00e9tudiants : accompagnement personnalis\u00e9, simplicit\u00e9 et transparence sont des points que nous ne n\u00e9gligeons jamais.<\/span><\/li>\n<li><span style=\"color: #c3b9b9 !important;\"><strong>INT\u00c9GRIT\u00c9 : <\/strong><\/span><span style=\"color: #fff;\">adopter un comportement \u00e9thique avec les \u00e9tudiants (car nous savons qu\u2019il peut \u00eatre compliqu\u00e9 pour un \u00e9tudiant de partir \u00e0 l\u2019\u00e9tranger dans le cadre de ses \u00e9tudes), ainsi qu\u2019avec nos partenaires dans toutes nos activit\u00e9s.<\/span><\/li>\n<li><span style=\"color: #c3b9b9 !important;\"><strong>INTERNATIONAL : <\/strong><\/span><span style=\"color: #fff;\">travailler avec des entreprises aux 4 coins du monde pour satisfaire au mieux les attentes des \u00e9tudiants et de nos partenaires.<\/span><\/li>\n<\/ul>\n<p>[\/vc_column_text][\/vc_column_inner][vc_column_inner width=\u00a0\u00bb1\/4&Prime;][\/vc_column_inner][\/vc_row_inner][\/vc_column][\/vc_row][vc_row css=\u00a0\u00bb.vc_custom_1461688385779{padding-top: 100px !important;padding-bottom: 30px !important;background: #77575a url(https:\/\/www.groupe-adiona.com\/wp-content\/uploads\/2016\/03\/backgd-groupe2.jpg?id=131) !important;background-position: center !important;background-repeat: no-repeat !important;background-size: cover !important;}\u00a0\u00bb el_class=\u00a0\u00bbslide-3-groupe section middle\u00a0\u00bb][vc_column][vc_column_text]<\/p>\n<h6>WE ARE<\/h6>\n<h2 style=\"text-align: center;\"><span style=\"color: #ffffff;\">Chiffres-cl\u00e9s<\/span><\/h2>\n<p style=\"text-align: center;\"><span class=\"sous-titre\" style=\"color: #ffffff;\">La force d\u2019un groupe au service des \u00e9tudiants,<br \/>\ndes entreprises internationales et des partenaires acad\u00e9miques<\/span><\/p>\n<p>[\/vc_column_text][vc_row_inner][vc_column_inner width=\u00a0\u00bb1\/4&Prime;][\/vc_column_inner][vc_column_inner el_class=\u00a0\u00bbchiffres-cles\u00a0\u00bb width=\u00a0\u00bb1\/6&Prime;][vc_column_text]<span class=\"plus-de\" style=\"color: #ffffff;\">Plus de <\/span><br \/>\n<span style=\"color: #ffffff;\"><strong class=\"gd-chiffres\">40 000<\/strong><br \/>\n\u00e9tudiants inscrits<\/span>[\/vc_column_text][\/vc_column_inner][vc_column_inner el_class=\u00a0\u00bbchiffres-cles\u00a0\u00bb width=\u00a0\u00bb1\/6&Prime;][vc_column_text]<span class=\"plus-de\" style=\"color: #ffffff;\">Plus de <\/span><br \/>\n<span style=\"color: #ffffff;\"><strong class=\"gd-chiffres\">1 000<\/strong><br \/>\nentreprises partenaires \u00e0 travers le monde<\/span>[\/vc_column_text][\/vc_column_inner][vc_column_inner el_class=\u00a0\u00bbchiffres-cles\u00a0\u00bb width=\u00a0\u00bb1\/6&Prime;][vc_column_text]<span class=\"plus-de\" style=\"color: #ffffff;\">Plus de <\/span><br \/>\n<span style=\"color: #ffffff;\"><strong class=\"gd-chiffres\">1 300<\/strong><br \/>\noffres de stages \u00e0 l\u2019\u00e9tranger par an<\/span>[\/vc_column_text][\/vc_column_inner][vc_column_inner width=\u00a0\u00bb1\/4&Prime;][\/vc_column_inner][\/vc_row_inner][vc_row_inner][vc_column_inner width=\u00a0\u00bb1\/6&Prime;][\/vc_column_inner][vc_column_inner el_class=\u00a0\u00bbchiffres-cles\u00a0\u00bb width=\u00a0\u00bb1\/3&Prime;][vc_column_text]<span class=\"plus-de\" style=\"color: #ffffff;\">Plus de <\/span><br \/>\n<span style=\"color: #ffffff;\"><strong class=\"gd-chiffres\">1 000<\/strong><br \/>\njobs d\u2019\u00e9t\u00e9 aux USA \u00e0 pourvoir chaque ann\u00e9e<\/span>[\/vc_column_text][\/vc_column_inner][vc_column_inner el_class=\u00a0\u00bbchiffres-cles\u00a0\u00bb width=\u00a0\u00bb1\/3&Prime;][vc_column_text]<span style=\"color: #ffffff;\"><strong class=\"gd-chiffres\">100%<\/strong><br \/>\nd\u2019acceptation du Visa J-1 \u00e0 l\u2019ambassade des Etats-Unis<\/span>[\/vc_column_text][\/vc_column_inner][vc_column_inner width=\u00a0\u00bb1\/6&Prime;][\/vc_column_inner][\/vc_row_inner][\/vc_column][\/vc_row][vc_row el_id=\u00a0\u00bbcd-timeline\u00a0\u00bb el_class=\u00a0\u00bbcd-timeline section\u00a0\u00bb css=\u00a0\u00bb.vc_custom_1461688462531{padding-top: 150px !important;padding-bottom: 100px !important;background: #e1dcdc url(https:\/\/www.groupe-adiona.com\/wp-content\/uploads\/2016\/03\/backgd-groupe4.jpg?id=370) !important;background-position: center !important;background-repeat: no-repeat !important;background-size: cover !important;}\u00a0\u00bb][vc_column][vc_column_text el_class=\u00a0\u00bbmiddle\u00a0\u00bb]<\/p>\n<h6>WE ARE<\/h6>\n<h2 style=\"text-align: center;\"><span style=\"color: #554149;\">Historique du groupe<\/span><\/h2>\n<p>[\/vc_column_text][vc_raw_html el_class=\u00a0\u00bbcd-timeline-block\u00a0\u00bb]JTNDZGl2JTIwY2xhc3MlM0QlMjJjZC10aW1lbGluZS1pbWclMjBjZC1tb3ZpZSUyMiUzRSUwQSUzQyUyRmRpdiUzRSUwQSUzQ2RpdiUyMGNsYXNzJTNEJTIyY2QtdGltZWxpbmUtY29udGVudCUyMiUzRSUwQSUyMCUyMCUyMCUyMCUzQ2gyJTNFQ3IlMjZlYWN1dGUlM0JhdGlvbiUyMGRlJTIwTXlJbnRlcm5zaGlwQWJyb2FkJTNDJTJGaDIlM0UlMEElMjAlMjAlMjAlMjAlM0NwJTNFWXZlcyUyMFBlcnJldCUyQyUyMGFsb3JzJTIwJTI2ZWFjdXRlJTNCdHVkaWFudCUyMGRlJTIwbCVFMiU4MCU5OUlBRSUyMGQlRTIlODAlOTlBaXgtZW4tUHJvdmVuY2UlMkMlMjBzZSUyMHJlbmQlMjBlbiUyMHN0YWdlJTIwYXV4JTIwRXRhdHMtVW5pcy4lMjBTZXVsZW1lbnQlMjBkZXV4JTIwY2FtYXJhZGVzJTIwZGUlMjBzYSUyMHByb21vdGlvbiUyMG9udCUyMHB1JTIwZWZmZWN0dWVyJTIwdW4lMjBzdGFnZSUyMCVDMyVBMCUyMGwlMjclMjZlYWN1dGUlM0J0cmFuZ2VyLiUyMElsJTIwY29tcHJlbmQlMjBhbG9ycyUyMGxhJTIwZGlmZmljdWx0JTI2ZWFjdXRlJTNCJTIwcXVlJTIwcmVuY29udHJlbnQlMjBsZXMlMjAlQzMlQTl0dWRpYW50cyUyMCVDMyVBMCUyMHRyb3V2ZXIlMjB1biUyMHN0YWdlJTIwJUMzJUEwJTIwbCVFMiU4MCU5OSVDMyVBOXRyYW5nZXIuJTIwQSUyMHNvbiUyMHJldG91ciUyQyUyMGlsJTIwZCUyNmVhY3V0ZSUzQmNpZGUlMjBkZSUyMGNyJTI2ZWFjdXRlJTNCZXIlMjBsYSUyMHN0YXJ0dXAlMjBNeUludGVybnNoaXBBYnJvYWQlMjBwb3VyJTIwbWV0dHJlJTIwZW4lMjByZWxhdGlvbiUyMGxlcyUyMCUyNmVhY3V0ZSUzQnR1ZGlhbnRzJTIwZnJhbiVDMyVBN2FpcyUyMGF2ZWMlMjBsZXMlMjBlbnRyZXByaXNlcyUyMGludGVybmF0aW9uYWxlcy4lM0MlMkZwJTNFJTBBJTIwJTIwJTIwJTIwJTNDc3BhbiUyMGNsYXNzJTNEJTIyY2QtZGF0ZSUyMiUzRTIwMDklM0MlMkZzcGFuJTNFJTBBJTNDJTJGZGl2JTNF[\/vc_raw_html][vc_raw_html el_class=\u00a0\u00bbcd-timeline-block\u00a0\u00bb]JTNDZGl2JTIwY2xhc3MlM0QlMjJjZC10aW1lbGluZS1pbWclMjBjZC1tb3ZpZSUyMiUzRSUwQSUzQyUyRmRpdiUzRSUwQSUzQ2RpdiUyMGNsYXNzJTNEJTIyY2QtdGltZWxpbmUtY29udGVudCUyMiUzRSUwQSUyMCUyMCUyMCUyMCUzQ2gyJTNFTGFuY2VtZW50JTIwZHUlMjBwcm9ncmFtbWUlMjBWaXNhJTIwSi0xJTNDJTJGaDIlM0UlMEElMjAlMjAlMjAlMjAlM0NwJTNFTGUlMjB2aXNhJTIwZGUlMjB0eXBlJTIwJTI2cXVvdCUzQkotMSUyNnF1b3QlM0IlMjAlMjZlYWN1dGUlM0J0YW50JTIwb2JsaWdhdG9pcmUlMjBwb3VyJTIwdG91dCUyMHN0YWdlJTJDJTIwam9iJTIwb3UlMjAlMjZlYWN1dGUlM0J0dWRlcyUyMGF1eCUyMEV0YXRzLVVuaXMlMkMlMjB1biUyMHNlcnZpY2UlMjBlbnRpJTI2ZWdyYXZlJTNCcmVtZW50JTIwZCUyNmVhY3V0ZSUzQmRpJTI2ZWFjdXRlJTNCJTIwJTI2YWdyYXZlJTNCJTIwc29uJTIwb2J0ZW50aW9uJTIwYSUyMCUyNmVhY3V0ZSUzQnQlMjZlYWN1dGUlM0IlMjBjciUyNmVhY3V0ZSUzQiUyNmVhY3V0ZSUzQiUyMGVuJTIwanVpbGxldCUyMDIwMDkuJTIwTGUlMjBzZXJ2aWNlJTIwYiUyNmVhY3V0ZSUzQm4lMjZlYWN1dGUlM0JmaWNpZSUyMGQlMjd1biUyMHRhdXglMjBkJTI3YWNjZXB0YXRpb24lMjBkZSUyMDEwMCUyNSUyMCUyNmFncmF2ZSUzQiUyMGwlMjdhbWJhc3NhZGUlMjBkZXMlMjBFdGF0cy1VbmlzJTIwJTI2YWdyYXZlJTNCJTIwUGFyaXMuJTNDJTJGcCUzRSUwQSUyMCUyMCUyMCUyMCUzQ3NwYW4lMjBjbGFzcyUzRCUyMmNkLWRhdGUlMjIlM0UyMDEwJTNDJTJGc3BhbiUzRSUwQSUzQyUyRmRpdiUzRQ==[\/vc_raw_html][vc_raw_html el_class=\u00a0\u00bbcd-timeline-block\u00a0\u00bb]JTNDZGl2JTIwY2xhc3MlM0QlMjJjZC10aW1lbGluZS1pbWclMjBjZC1tb3ZpZSUyMiUzRSUwQSUzQyUyRmRpdiUzRSUwQSUzQ2RpdiUyMGNsYXNzJTNEJTIyY2QtdGltZWxpbmUtY29udGVudCUyMiUzRSUwQSUyMCUyMCUyMCUyMCUzQ2gyJTNFQ3IlMjZlYWN1dGUlM0JhdGlvbiUyMGR1JTIwc2VydmljZSUyMGRlJTIwY29hY2hpbmclM0MlMkZoMiUzRSUwQSUyMCUyMCUyMCUyMCUzQ3AlM0VMYSUyMHNvY2klMjZlYWN1dGUlM0J0JTI2ZWFjdXRlJTNCJTIwcHJvcG9zZSUyMGQlMjZlYWN1dGUlM0Jzb3JtYWlzJTIwZ3IlMjZhY2lyYyUzQmNlJTIwJTI2YWdyYXZlJTNCJTIwY2VzJTIwZXhwZXJ0cyUyMGFuZ2xvcGhvbmVzJTIwZW4lMjBpbnRlcm5lJTJDJTIwbGElMjByJTI2ZWFjdXRlJTNCZGFjdGlvbiUyQyUyMGxhJTIwdHJhZHVjdGlvbiUyMGV0JTIwbCUyN29wdGltaXNhdGlvbiUyMGR1JTIwQ1YlMjBldCUyMGRlJTIwbGElMjBsZXR0cmUlMjBkZSUyMG1vdGl2YXRpb24lMjBkZXMlMjAlMjZlYWN1dGUlM0J0dWRpYW50cyUyMGFpbnNpJTIwcXVlJTIwbGUlMjBwYXNzYWdlJTIwZCUyN3VuJTIwZW50cmV0aWVuJTIwYmxhbmMlMjBlbiUyMGFuZ2xhaXMuJTIwTCUyN2FjY29tcGFnbmVtZW50JTIwZGVzJTIwJTI2ZWFjdXRlJTNCdHVkaWFudHMlMjBkYW5zJTIwZGVzJTIwZGlmZiUyNmVhY3V0ZSUzQnJlbnRlcyUyMCUyNmVhY3V0ZSUzQnRhcGVzJTIwZGUlMjBsZXVycyUyMGNhbmRpZGF0dXJlcyUyMGRldmllbnQlMjBkZSUyMHBsdXMlMjBlbiUyMHBsdXMlMjBjb21wbGV0LiUzQyUyRnAlM0UlMEElMjAlMjAlMjAlMjAlM0NzcGFuJTIwY2xhc3MlM0QlMjJjZC1kYXRlJTIyJTNFMjAxMSUzQyUyRnNwYW4lM0UlMEElM0MlMkZkaXYlM0U=[\/vc_raw_html][vc_raw_html el_class=\u00a0\u00bbcd-timeline-block\u00a0\u00bb]JTNDZGl2JTIwY2xhc3MlM0QlMjJjZC10aW1lbGluZS1pbWclMjBjZC1tb3ZpZSUyMiUzRSUwQSUzQyUyRmRpdiUzRSUwQSUzQ2RpdiUyMGNsYXNzJTNEJTIyY2QtdGltZWxpbmUtY29udGVudCUyMiUzRSUwQSUyMCUyMCUyMCUyMCUzQ2gyJTNFUHVibGljYXRpb24lMjBkdSUyMHByZW1pZXIlMjBvdXZyYWdlJTNDJTJGaDIlM0UlMEElMjAlMjAlMjAlMjAlM0NwJTNFTGElMjBzb2NpJTI2ZWFjdXRlJTNCdCUyNmVhY3V0ZSUzQiUyME15SW50ZXJuc2hpcEFicm9hZCUyMHBvdXJzdWl0JTIwc2ElMjBkaXZlcnNpZmljYXRpb24lMjBldCUyMGQlMjZlYWN1dGUlM0JjaWRlJTIwZGUlMjBwdWJsaWVyJTIwc29uJTIwcHJlbWllciUyMG91dnJhZ2UlMjAlMjZxdW90JTNCTW9uJTIwU3RhZ2UlMjAlMjZhZ3JhdmUlM0IlMjBsJTI3JTI2RWFjdXRlJTNCdHJhbmdlciUyMCVFMiU4MCU5MyUyMExlcyUyMENsJTI2ZWFjdXRlJTNCcyUyMGRlJTIwbGElMjBSJTI2ZWFjdXRlJTNCdXNzaXRlJTI2cXVvdCUzQi4lMjBWJTI2ZWFjdXRlJTNCcml0YWJsZSUyMGd1aWRlJTIwZGUlMjBsYSUyMHJlY2hlcmNoZSUyMGRlJTIwc3RhZ2UlMjAlMjZhZ3JhdmUlM0IlMjBsJTI3aW50ZXJuYXRpb25hbCUyQyUyMGlsJTIwcGVybWV0JTIwYXV4JTIwJTI2ZWFjdXRlJTNCdHVkaWFudHMlMjBkJTI3YXZvaXIlMjBhY2MlMjZlZ3JhdmUlM0JzJTIwYXV4JTIwY29vcmRvbm4lMjZlYWN1dGUlM0JlcyUyMGRpcmVjdGVzJTIwZGUlMjBwbHVzJTIwZGUlMjAxJTIwMzAwJTIwZW50cmVwcmlzZXMlMjAlMjZhZ3JhdmUlM0IlMjB0cmF2ZXJzJTIwbGVzJTIwNSUyMGNvbnRpbmVudHMlMjBhaW5zaSUyMHF1ZSUyMGRlcyUyMGNvbnNlaWxzJTIwZXQlMjBhc3R1Y2VzJTIwZCUyN2V4cGVydHMlMjBwb3VyJTIwdW5lJTIwY2FuZGlkYXR1cmUlMjByJTI2ZWFjdXRlJTNCdXNzaWUuJTNDJTJGcCUzRSUwQSUyMCUyMCUyMCUyMCUzQ3NwYW4lMjBjbGFzcyUzRCUyMmNkLWRhdGUlMjIlM0VqdWluJTIwMjAxNSUzQyUyRnNwYW4lM0UlMEElM0MlMkZkaXYlM0U=[\/vc_raw_html][vc_raw_html el_class=\u00a0\u00bbcd-timeline-block\u00a0\u00bb]JTNDZGl2JTIwY2xhc3MlM0QlMjJjZC10aW1lbGluZS1pbWclMjBjZC1tb3ZpZSUyMiUzRSUwQSUzQyUyRmRpdiUzRSUwQSUzQ2RpdiUyMGNsYXNzJTNEJTIyY2QtdGltZWxpbmUtY29udGVudCUyMiUzRSUwQSUyMCUyMCUyMCUyMCUzQ2gyJTNFTGFuY2VtZW50JTIwZHUlMjBwcm9ncmFtbWUlMjBXb3JrJTIwJTI2YW1wJTNCJTIwVHJhdmVsJTNDJTJGaDIlM0UlMEElMjAlMjAlMjAlMjAlM0NwJTNFQXZlYyUyMGNlJTIwbm91dmVhdSUyMHByb2dyYW1tZSUyMFdvcmslMjAlMjZhbXAlM0IlMjBUcmF2ZWwlMkMlMjBsJTI3ZW50cmVwcmlzZSUyMGludmVzdGl0JTIwbGUlMjBzZWN0ZXVyJTIwZHUlMjBqb2IlMjBkJTI3JTI2ZWFjdXRlJTNCdCUyNmVhY3V0ZSUzQiUyMGF1eCUyMEV0YXRzLVVuaXMlMkMlMjBvcHBvcnR1bml0JTI2ZWFjdXRlJTNCJTIwc2ltcGxlJTIwZXQlMjBlZmZpY2FjZSUyMHBvdXIlMjBsZXMlMjAlMjZlYWN1dGUlM0J0dWRpYW50cyUyMGQlMjdhY3F1JTI2ZWFjdXRlJTNCcmlyJTIwdW5lJTIwZXhwJTI2ZWFjdXRlJTNCcmllbmNlJTIwaW50ZXJuYXRpb25hbGUlMjB0b3V0JTIwZW4lMjAlMjZlYWN1dGUlM0J0YW50JTIwciUyNmVhY3V0ZSUzQm11biUyNmVhY3V0ZSUzQnIlMjZlYWN1dGUlM0IlMjBhZmluJTIwbm90YW1tZW50JTIwZCUyN2F1dG8tZmluYW5jZXIlMjBsZSUyMHZveWFnZS4lM0MlMkZwJTNFJTBBJTIwJTIwJTIwJTIwJTNDc3BhbiUyMGNsYXNzJTNEJTIyY2QtZGF0ZSUyMiUzRXNlcHRlbWJyZSUyMDIwMTUlM0MlMkZzcGFuJTNFJTBBJTNDJTJGZGl2JTNF[\/vc_raw_html][vc_raw_html el_class=\u00a0\u00bbcd-timeline-block\u00a0\u00bb]JTNDZGl2JTIwY2xhc3MlM0QlMjJjZC10aW1lbGluZS1pbWclMjBjZC1tb3ZpZSUyMiUzRSUwQSUzQyUyRmRpdiUzRSUwQSUzQ2RpdiUyMGNsYXNzJTNEJTIyY2QtdGltZWxpbmUtY29udGVudCUyMiUzRSUwQSUyMCUyMCUyMCUyMCUzQ2gyJTNFQ3IlMjZlYWN1dGUlM0JhdGlvbiUyMGR1JTIwZ3JvdXBlJTIwQWRpb25hJTNDJTJGaDIlM0UlMEElMjAlMjAlMjAlMjAlM0NwJTNFTGUlMjBHcm91cGUlMjBBZGlvbmElMjBlc3QlMjBjciUyNmVhY3V0ZSUzQiUyNmVhY3V0ZSUzQiUyMGFmaW4lMjBkZSUyMHJlZ3JvdXBlciUyMHRvdXMlMjBsZXMlMjBwcm9kdWl0cyUyMGV0JTIwc2VydmljZXMlMjBwcm9wb3MlMjZlYWN1dGUlM0JzJTIwJTI4c3RhZ2UlMjAlMjZhZ3JhdmUlM0IlMjBsJTI3JTI2ZWFjdXRlJTNCdHJhbmdlciUyQyUyMFZpc2ElMjBKLTElMkMlMjBqb2IlMjBkJTI3JTI2ZWFjdXRlJTNCdCUyNmVhY3V0ZSUzQiUyMGF1eCUyMEV0YXRzLVVuaXMlMkMlMjBldGMuJTI5JTIwc291cyUyMHVuZSUyMHNldWxlJTIwZXQlMjBtJTI2ZWNpcmMlM0JtZSUyMGVudGl0JTI2ZWFjdXRlJTNCLiUzQyUyRnAlM0UlMEElMjAlMjAlMjAlMjAlM0NzcGFuJTIwY2xhc3MlM0QlMjJjZC1kYXRlJTIyJTNFMjAxNiUzQyUyRnNwYW4lM0UlMEElM0MlMkZkaXYlM0U=[\/vc_raw_html][vc_raw_html el_class=\u00a0\u00bbcd-timeline-block\u00a0\u00bb]JTNDZGl2JTIwY2xhc3MlM0QlMjJjZC10aW1lbGluZS1pbWclMjBjZC1tb3ZpZSUyMiUzRSUwQSUzQyUyRmRpdiUzRSUwQSUzQ2RpdiUyMGNsYXNzJTNEJTIyY2QtdGltZWxpbmUtY29udGVudCUyMiUzRSUwQSUyMCUyMCUyMCUyMCUzQ2gyJTNFTGFuY2VtZW50JTIwZHUlMjBwcm9ncmFtbWUlMjBMZXQlMjdzJTIwR28lMjBQYWlyJTNDJTJGaDIlM0UlMEElMjAlMjAlMjAlMjAlM0NwJTNFVW5lJTIwZGl2ZXJzaWZpY2F0aW9uJTIwZGVzJTIwYWN0aXZpdCVDMyVBOXMlMjBxdWklMjBzZSUyMHBvdXJzdWl0JTIwYXZlYyUyMGxhJTIwY3IlQzMlQTlhdGlvbiUyMGR1JTIwc2l0ZSUyMExldCUyN3MlMjBHbyUyMFBhaXIlMkMlMjBzcCVDMyVBOWNpYWxpcyVDMyVBOSUyMGRhbnMlMjBsZXMlMjBzJUMzJUE5am91cnMlMjBhdSUyMFBhaXIlMjBlbiUyMEFuZ2xldGVycmUlMjBldCUyMGF1eCUyMEV0YXRzLVVuaXMuJTIwTGElMjBwb3NzaWJpbGl0JUMzJUE5JTIwZXN0JTIwb2ZmZXJ0ZSUyMGF1eCUyMGpldW5lcyUyMGRlJTIwcGFydGlyJTIwdml2cmUlMjBhdSUyMGMlQzUlOTN1ciUyMGQlMjd1bmUlMjBmYW1pbGxlJTIwYW5nbG9waG9uZSUyMHBlbmRhbnQlMjBwbHVzaWV1cnMlMjBtb2lzLiUyMCUzQyUyRnAlM0UlMEElMjAlMjAlMjAlMjAlM0NzcGFuJTIwY2xhc3MlM0QlMjJjZC1kYXRlJTIyJTNFc2VwdGVtYnJlJTIwMjAxNiUzQyUyRnNwYW4lM0UlMEElM0MlMkZkaXYlM0U=[\/vc_raw_html][vc_raw_html el_class=\u00a0\u00bbcd-timeline-block\u00a0\u00bb]JTNDZGl2JTIwY2xhc3MlM0QlMjJjZC10aW1lbGluZS1pbWclMjBjZC1tb3ZpZSUyMiUzRSUwQSUzQyUyRmRpdiUzRSUwQSUzQ2RpdiUyMGNsYXNzJTNEJTIyY2QtdGltZWxpbmUtY29udGVudCUyMiUzRSUwQSUyMCUyMCUyMCUyMCUzQ2gyJTNFTGFuY2VtZW50JTIwZGUlMjBTa2lsaXolM0MlMkZoMiUzRSUwQSUyMCUyMCUyMCUyMCUzQ3AlM0VBZmluJTIwZGUlMjBmYXZvcmlzZXIlMjBsJTI3ZW1wbG95YWJpbGl0JUMzJUE5JTIwZGVzJTIwamV1bmVzJTJDJTIwU2tpbGl6JTIwZXN0JTIwY3IlQzMlQTklQzMlQTllJTIwZW4lMjBPY3RvYnJlJTIwMjAxNi4lMjBJbCUyMHMlMjdhZ2l0JTIwZCUyN3VuZSUyMGFnZW5jZSUyMGRlJTIwcmVjcnV0ZW1lbnQlMjBzcCVDMyVBOWNpYWxpcyVDMyVBOWUlMjBwb3VyJTIwbGVzJTIwJUMzJUE5dHVkaWFudHMlMjBldCUyMGpldW5lcyUyMGRpcGwlQzMlQjRtJUMzJUE5cy4lMjBFbGxlJTIwbGVzJTIwYWlkZSUyMCVDMyVBMCUyMHRyb3V2ZXIlMjBsZSUyMHN0YWdlJTIwb3UlMjBsZSUyMHByZW1pZXIlMjBlbXBsb2klMjBlbiUyMEZyYW5jZS4lM0MlMkZwJTNFJTBBJTIwJTIwJTIwJTIwJTNDc3BhbiUyMGNsYXNzJTNEJTIyY2QtZGF0ZSUyMiUzRW9jdG9icmUlMjAyMDE2JTNDJTJGc3BhbiUzRSUwQSUzQyUyRmRpdiUzRQ==[\/vc_raw_html][vc_raw_html el_class=\u00a0\u00bbcd-timeline-block\u00a0\u00bb]JTNDZGl2JTIwY2xhc3MlM0QlMjJjZC10aW1lbGluZS1pbWclMjBjZC1tb3ZpZSUyMiUzRSUwQSUzQyUyRmRpdiUzRSUwQSUzQ2RpdiUyMGNsYXNzJTNEJTIyY2QtdGltZWxpbmUtY29udGVudCUyMiUzRSUwQSUyMCUyMCUyMCUyMCUzQ2gyJTNFTGFuY2VtZW50JTIwZGUlMjBIb2xpbmdvJTNDJTJGaDIlM0UlMEElMjAlMjAlMjAlMjAlM0NwJTNFTGUlMjBHcm91cGUlMjBBZGlvbmElMjBjb21wbCVDMyVBOHRlJTIwc2ElMjBwYWxldHRlJTIwZGUlMjBzZXJ2aWNlcyUyMGF2ZWMlMjBIb2xpbmdvJTJDJTIwbGUlMjBwcmVtaWVyJTIwc2l0ZSUyMGRlJTIwcyVDMyVBOWpvdXIlMjBsaW5ndWlzdGlxdWUlMjBxdWklMjBtZXQlMjBlbiUyMHJlbGF0aW9uJTIwZGlyZWN0ZSUyMGxlcyUyMCVDMyVBOXR1ZGlhbnRzJTIwZXQlMjBsZXMlMjAlQzMlQTljb2xlcyUyMGRlJTIwbGFuZ3VlcyUyQyUyMHBhcnRvdXQlMjBkYW5zJTIwbGUlMjBtb25kZS4lMjBOb3VzJTIwciVDMyVBOXZvbHV0aW9ubm9ucyUyMGFpbnNpJTIwbGUlMjBzJUMzJUE5am91ciUyMGxpbmd1aXN0aXF1ZSUyMGVuJTIwc3VwcHJpbWFudCUwQSUyMGwlMjdpbnRlcm0lQzMlQTlkaWFpcmUlMjBwb3VyJTIwZGVzJTIwcyVDMyVBOWpvdXJzJTIwbW9pbnMlMjBjaGVycy4lM0MlMkZwJTNFJTBBJTIwJTIwJTIwJTIwJTNDc3BhbiUyMGNsYXNzJTNEJTIyY2QtZGF0ZSUyMiUzRWphbnZpZXIlMjAyMDE4JTNDJTJGc3BhbiUzRSUwQSUzQyUyRmRpdiUzRQ==[\/vc_raw_html][vc_raw_html el_class=\u00a0\u00bbcd-timeline-block last\u00a0\u00bb][\/vc_raw_html][\/vc_column][\/vc_row]<\/p>\n","protected":false},"excerpt":{"rendered":"<p>[vc_row el_class=\u00a0\u00bbslide-1-groupe section\u00a0\u00bb css=\u00a0\u00bb.vc_custom_1461688476919{padding-top: 150px !important;padding-right: 40px !important;padding-bottom: 50px !important;padding-left: 40px !important;background: #77575a url(https:\/\/www.groupe-adiona.com\/wp-content\/uploads\/2016\/03\/backgd-groupe3.jpg?id=367) !important;background-position: center !important;background-repeat: no-repeat !important;background-size: cover [&hellip;]<\/p>\n","protected":false},"author":1,"featured_media":0,"parent":0,"menu_order":0,"comment_status":"closed","ping_status":"closed","template":"","meta":[],"_links":{"self":[{"href":"https:\/\/www.groupe-adiona.com\/fr\/wp-json\/wp\/v2\/pages\/7"}],"collection":[{"href":"https:\/\/www.groupe-adiona.com\/fr\/wp-json\/wp\/v2\/pages"}],"about":[{"href":"https:\/\/www.groupe-adiona.com\/fr\/wp-json\/wp\/v2\/types\/page"}],"author":[{"embeddable":true,"href":"https:\/\/www.groupe-adiona.com\/fr\/wp-json\/wp\/v2\/users\/1"}],"replies":[{"embeddable":true,"href":"https:\/\/www.groupe-adiona.com\/fr\/wp-json\/wp\/v2\/comments?post=7"}],"version-history":[{"count":130,"href":"https:\/\/www.groupe-adiona.com\/fr\/wp-json\/wp\/v2\/pages\/7\/revisions"}],"predecessor-version":[{"id":2429,"href":"https:\/\/www.groupe-adiona.com\/fr\/wp-json\/wp\/v2\/pages\/7\/revisions\/2429"}],"wp:attachment":[{"href":"https:\/\/www.groupe-adiona.com\/fr\/wp-json\/wp\/v2\/media?parent=7"}],"curies":[{"name":"wp","href":"https:\/\/api.w.org\/{rel}","templated":true}]}}