{"id":5,"date":"2016-03-31T17:44:32","date_gmt":"2016-03-31T16:44:32","guid":{"rendered":"http:\/\/localhost\/adiona\/?page_id=5"},"modified":"2020-03-02T14:05:54","modified_gmt":"2020-03-02T13:05:54","slug":"accueil","status":"publish","type":"page","link":"https:\/\/www.groupe-adiona.com\/fr\/","title":{"rendered":"Accueil"},"content":{"rendered":"<p>[vc_row full_height=\u00a0\u00bbyes\u00a0\u00bb css=\u00a0\u00bb.vc_custom_1507557680634{padding-top: 100px !important;padding-right: 30px !important;padding-bottom: 30px !important;padding-left: 30px !important;background: #927072 url(https:\/\/www.groupe-adiona.com\/wp-content\/uploads\/2016\/03\/backgd-accueil1.jpg?id=43) !important;background-position: center !important;background-repeat: no-repeat !important;background-size: cover !important;}\u00a0\u00bb el_class=\u00a0\u00bbslide-1-home section\u00a0\u00bb][vc_column][vc_column_text css=\u00a0\u00bb.vc_custom_1462289955633{margin-top: 100px !important;}\u00a0\u00bb]<\/p>\n<h1 style=\"text-align: center;\"><span style=\"color: #ffffff;\">Aider les \u00e9tudiants<\/span><br \/>\n<span style=\"color: #ffffff;\">\u00e0 r\u00e9aliser leurs projets d\u2019avenir<\/span><\/h1>\n<p><span class=\"notre-vocation\"><img loading=\"lazy\" class=\"alignright size-full wp-image-40\" src=\"https:\/\/www.groupe-adiona.com\/wp-content\/uploads\/2016\/03\/notre-vocation.png\" alt=\"la vocation du Groupe Adiona\" width=\"522\" height=\"66\" srcset=\"https:\/\/www.groupe-adiona.com\/wp-content\/uploads\/2016\/03\/notre-vocation.png 522w, https:\/\/www.groupe-adiona.com\/wp-content\/uploads\/2016\/03\/notre-vocation-300x38.png 300w\" sizes=\"(max-width: 522px) 100vw, 522px\" \/><\/span>[\/vc_column_text][vc_column_text css=\u00a0\u00bb.vc_custom_1507557649279{margin-top: 250px !important;}\u00a0\u00bb]<img loading=\"lazy\" class=\"alignright size-full wp-image-1078\" src=\"https:\/\/www.groupe-adiona.com\/wp-content\/uploads\/2016\/03\/logo-financement.png\" alt=\"\" width=\"350\" height=\"73\" srcset=\"https:\/\/www.groupe-adiona.com\/wp-content\/uploads\/2016\/03\/logo-financement.png 549w, https:\/\/www.groupe-adiona.com\/wp-content\/uploads\/2016\/03\/logo-financement-300x63.png 300w\" sizes=\"(max-width: 350px) 100vw, 350px\" \/>[\/vc_column_text][\/vc_column][\/vc_row][vc_row css=\u00a0\u00bb.vc_custom_1462289646376{margin-right: 0px !important;margin-left: 0px !important;padding-top: 100px !important;padding-right: 30px !important;padding-bottom: 30px !important;padding-left: 30px !important;background: #af98a2 url(https:\/\/www.groupe-adiona.com\/wp-content\/uploads\/2016\/03\/backgd-accueil2.jpg?id=55) !important;background-position: center !important;background-repeat: no-repeat !important;background-size: cover !important;}\u00a0\u00bb el_class=\u00a0\u00bbslide-2-home section\u00a0\u00bb][vc_column width=\u00a0\u00bb1\/2&Prime;][vc_column_text]<\/p>\n<h2><span style=\"color: #ffffff;\">POURQUOI ADIONA ?<\/span><\/h2>\n<p>&nbsp;<\/p>\n<p>Nous avons pour vocation d\u2019aider les \u00e9tudiants \u00e0 s\u2019\u00e9panouir au cours de leurs \u00e9tudes en les accompagnant dans tous leurs projets notamment \u00e0 l\u2019international. C\u2019est donc tout naturellement que nous avons choisi le nom Adiona pour notre groupe.<\/p>\n<p>Dans la mythologie Romaine, la d\u00e9esse Adiona avait pour r\u00f4le de veiller sur les jeunes \u00e0 leur d\u00e9part du foyer familial ainsi qu\u2019\u00e0 leur retour.<\/p>\n<p>\u00c0 l\u2019image de cette derni\u00e8re, nous faisons tout notre possible pour aider les jeunes \u00e0 r\u00e9aliser leurs r\u00eaves de voyage, de d\u00e9couverte et d\u2019apprentissage tout autour du globe.[\/vc_column_text][vc_btn title=\u00a0\u00bbEN SAVOIR PLUS SUR NOTRE GROUPE \u00a0\u00bb style=\u00a0\u00bboutline\u00a0\u00bb shape=\u00a0\u00bbsquare\u00a0\u00bb align=\u00a0\u00bbleft\u00a0\u00bb link=\u00a0\u00bburl:http%3A%2F%2Fwww.groupe-adiona.com%2Ffr%2Fle-groupe-adiona%2F||\u00a0\u00bb][\/vc_column][vc_column width=\u00a0\u00bb1\/2&Prime;][\/vc_column][\/vc_row][vc_row css=\u00a0\u00bb.vc_custom_1462289639077{margin-right: 0px !important;margin-left: 0px !important;padding-top: 100px !important;padding-right: 30px !important;padding-bottom: 30px !important;padding-left: 30px !important;background-color: #e1dcdc !important;}\u00a0\u00bb el_class=\u00a0\u00bbslide-3-home section\u00a0\u00bb][vc_column width=\u00a0\u00bb2\/3&Prime; css=\u00a0\u00bb.vc_custom_1507558230363{padding-bottom: 50px !important;}\u00a0\u00bb][vc_column_text]<\/p>\n<h2><span style=\"color: #63697f;\">un service de qualit\u00e9<\/span><br \/>\n<span style=\"color: #63697f;\">adapt\u00e9 \u00e0 chaque projet \u00e9tudiant<\/span><\/h2>\n<p>&nbsp;<\/p>\n<p><span style=\"color: #63697f;\">Nous proposons plusieurs services pour aider les \u00e9tudiants \u00e0 concr\u00e9tiser leurs projets. Qu\u2019il s\u2019agisse d\u2019une expatriation dans le cadre d\u2019un stage ou d\u2019un job \u00e0 l\u2019\u00e9tranger, nous mettons \u00e0 disposition notre expertise dans chaque domaine pour que l\u2019exp\u00e9rience v\u00e9cue soit inoubliable.<\/span>[\/vc_column_text][vc_raw_html el_class=\u00a0\u00bbbloc-service\u00a0\u00bb]JTNDYSUyMGhyZWYlM0QlMjJodHRwJTNBJTJGJTJGd3d3Lmdyb3VwZS1hZGlvbmEuY29tJTJGZnIlMkZsZXMtc2VydmljZXMtZHUtZ3JvdXBlLWFkaW9uYSUyRiUyMzElMjIlMjB0YXJnZXQlM0QlMjJfcGFyZW50JTIyJTNFJTNDZGl2JTIwY2xhc3MlM0QlMjJmaXhMb2dvJTIyJTNFJTNDZGl2JTIwY2xhc3MlM0QlMjJsb2dvLWdyaXMlMjBsb2dvLW1pYSUyMiUzRSUzQyUyRmRpdiUzRSUzQ2RpdiUyMGNsYXNzJTNEJTIybG9nby1ob3ZlciUyMGxvZ28tbWlhJTIyJTNFJTNDJTJGZGl2JTNFJTNDJTJGZGl2JTNFJTBBJTI2bmJzcCUzQiUwQSUwQSUzQ3AlM0UlM0NzcGFuJTIwc3R5bGUlM0QlMjJjb2xvciUzQSUyMCUyMzYzNjk3ZiUzQiUyMiUzRVNwJUMzJUE5Y2lhbGlzdGUlMjBkdSUyMHMlQzMlQTlqb3VyJTIwJUMzJUEwJTIwbCVFMiU4MCU5OSVDMyVBOXRyYW5nZXIlMkMlMjBNeUludGVybnNoaXBBYnJvYWQlMjBhY2NvbXBhZ25lJTIwbGVzJTIwJUMzJUE5dHVkaWFudHMlMjBkYW5zJTIwbGV1ciUyMHJlY2hlcmNoZSUyMGRlJTIwc3RhZ2UlMjBldCUyMGRlJTIwdm9sb250YXJpYXQlMjBpbnRlcm5hdGlvbmFsJTIwZW4lMjBlbnRyZXByaXNlJTIwYXV4JTIwcXVhdHJlJTIwY29pbnMlMjBkdSUyMG1vbmRlLiUzQyUyRnNwYW4lM0UlM0MlMkZwJTNFJTNDJTJGYSUzRQ==[\/vc_raw_html][vc_raw_html el_class=\u00a0\u00bbbloc-service\u00a0\u00bb]JTNDYSUyMGhyZWYlM0QlMjJodHRwJTNBJTJGJTJGd3d3Lmdyb3VwZS1hZGlvbmEuY29tJTJGZnIlMkZsZXMtc2VydmljZXMtZHUtZ3JvdXBlLWFkaW9uYSUyRiUyMzMlMjIlMjB0YXJnZXQlM0QlMjJfcGFyZW50JTIyJTNFJTNDZGl2JTIwY2xhc3MlM0QlMjJmaXhMb2dvJTIyJTNFJTNDZGl2JTIwY2xhc3MlM0QlMjJsb2dvLWdyaXMlMjBsb2dvLXZpc2FqMSUyMiUzRSUzQyUyRmRpdiUzRSUzQ2RpdiUyMGNsYXNzJTNEJTIybG9nby1ob3ZlciUyMGxvZ28tdmlzYWoxJTIyJTNFJTNDJTJGZGl2JTNFJTNDJTJGZGl2JTNFJTBBJTI2bmJzcCUzQiUwQSUwQSUzQ3AlM0UlM0NzcGFuJTIwc3R5bGUlM0QlMjJjb2xvciUzQSUyMCUyMzYzNjk3ZiUzQiUyMiUzRUxlJTIwc2VydmljZSUyMGVzdCUyMGQlQzMlQTlkaSVDMyVBOSUyMCVDMyVBMCUyMGwlRTIlODAlOTlvYnRlbnRpb24lMjBkdSUyMFZpc2ElMjBKLTElMkMlMjBkb2N1bWVudCUyMG9ibGlnYXRvaXJlJTIwcG91ciUyMHRvdXQlMjBzdGFnZSUyMGF1eCUyMCVDMyU4OXRhdHMtVW5pcy4lM0MlMkZzcGFuJTNFJTNDJTJGcCUzRSUzQyUyRmElM0U=[\/vc_raw_html][vc_separator color=\u00a0\u00bbcustom\u00a0\u00bb accent_color=\u00a0\u00bb#e1dcdc\u00a0\u00bb css=\u00a0\u00bb.vc_custom_1461771404251{margin-bottom: 5px !important;}\u00a0\u00bb][vc_raw_html el_class=\u00a0\u00bbbloc-service\u00a0\u00bb]JTNDYSUyMGhyZWYlM0QlMjJodHRwJTNBJTJGJTJGd3d3Lmdyb3VwZS1hZGlvbmEuY29tJTJGZnIlMkZsZXMtc2VydmljZXMtZHUtZ3JvdXBlLWFkaW9uYSUyRiUyMzUlMjIlMjB0YXJnZXQlM0QlMjJfcGFyZW50JTIyJTNFJTNDZGl2JTIwY2xhc3MlM0QlMjJmaXhMb2dvJTIyJTNFJTNDZGl2JTIwY2xhc3MlM0QlMjJsb2dvLWdyaXMlMjBsb2dvLWxldHNnb3BhaXIlMjIlM0UlM0MlMkZkaXYlM0UlM0NkaXYlMjBjbGFzcyUzRCUyMmxvZ28taG92ZXIlMjBsb2dvLWxldHNnb3BhaXIlMjIlM0UlM0MlMkZkaXYlM0UlM0MlMkZkaXYlM0UlMEElMjZuYnNwJTNCJTBBJTBBJTNDcCUzRSUzQ3NwYW4lMjBzdHlsZSUzRCUyMmNvbG9yJTNBJTIwJTIzNjM2OTdmJTNCJTIyJTNFTGV0JUUyJTgwJTk5cyUyMEdvJTIwUGFpciUyMGVzdCUyMHVuZSUyMGFnZW5jZSUyMGZyYW4lQzMlQTdhaXNlJTIwc3AlQzMlQTljaWFsaXMlQzMlQTllJTIwZGFucyUyMGxlcyUyMHMlQzMlQTlqb3VycyUyMEF1JTIwUGFpciUyMGF1eCUyMFVTQSUyMGV0JTIwYXUlMjBSb3lhdW1lLVVuaS4lM0MlMkZzcGFuJTNFJTNDJTJGcCUzRSUzQyUyRmElM0U=[\/vc_raw_html][vc_raw_html el_class=\u00a0\u00bbbloc-service\u00a0\u00bb]JTNDYSUyMGhyZWYlM0QlMjJodHRwJTNBJTJGJTJGd3d3Lmdyb3VwZS1hZGlvbmEuY29tJTJGZnIlMkZsZXMtc2VydmljZXMtZHUtZ3JvdXBlLWFkaW9uYSUyRiUyMzYlMjIlMjB0YXJnZXQlM0QlMjJfcGFyZW50JTIyJTNFJTNDZGl2JTIwY2xhc3MlM0QlMjJmaXhMb2dvJTIyJTNFJTNDZGl2JTIwY2xhc3MlM0QlMjJsb2dvLWdyaXMlMjBsb2dvLXNraWxpeiUyMiUzRSUzQyUyRmRpdiUzRSUzQ2RpdiUyMGNsYXNzJTNEJTIybG9nby1ob3ZlciUyMGxvZ28tc2tpbGl6JTIyJTNFJTNDJTJGZGl2JTNFJTNDJTJGZGl2JTNFJTBBJTI2bmJzcCUzQiUwQSUwQSUzQ3AlM0UlM0NzcGFuJTIwc3R5bGUlM0QlMjJjb2xvciUzQSUyMCUyMzYzNjk3ZiUzQiUyMiUzRVNraWxpeiUyMGVzdCUyMHVuJTIwam9iJTIwYm9hcmQlMjBkJUMzJUE5ZGklQzMlQTklMjBhdXglMjBqZXVuZXMlMjB0YWxlbnRzJTIwJUMzJUEwJTIwbGElMjByZWNoZXJjaGUlMjBkJTI3ZXhwJUMzJUE5cmllbmNlJTIwcHJvZmVzc2lvbm5lbGxlJTIwJUMzJUEwJTIwbCUyNyVDMyVBOXRyYW5nZXIuJTNDJTJGc3BhbiUzRSUzQyUyRnAlM0UlM0MlMkZhJTNF[\/vc_raw_html][vc_separator color=\u00a0\u00bbcustom\u00a0\u00bb accent_color=\u00a0\u00bb#e1dcdc\u00a0\u00bb css=\u00a0\u00bb.vc_custom_1461771404251{margin-bottom: 5px !important;}\u00a0\u00bb][vc_raw_html el_class=\u00a0\u00bbbloc-service\u00a0\u00bb]JTNDYSUyMGhyZWYlM0QlMjJodHRwJTNBJTJGJTJGd3d3Lmdyb3VwZS1hZGlvbmEuY29tJTJGZnIlMkZsZXMtc2VydmljZXMtZHUtZ3JvdXBlLWFkaW9uYSUyRiUyMzQlMjIlMjB0YXJnZXQlM0QlMjJfcGFyZW50JTIyJTNFJTNDZGl2JTIwY2xhc3MlM0QlMjJmaXhMb2dvJTIyJTNFJTNDZGl2JTIwY2xhc3MlM0QlMjJsb2dvLWdyaXMlMjBsb2dvLXdvcmslMjIlM0UlM0MlMkZkaXYlM0UlM0NkaXYlMjBjbGFzcyUzRCUyMmxvZ28taG92ZXIlMjBsb2dvLXdvcmslMjIlM0UlM0MlMkZkaXYlM0UlM0MlMkZkaXYlM0UlMEElMjZuYnNwJTNCJTBBJTBBJTNDcCUzRSUzQ3NwYW4lMjBzdHlsZSUzRCUyMmNvbG9yJTNBJTIwJTIzNjM2OTdmJTNCJTIyJTNFV29yayUyMG4lMjBUcmF2ZWwlMjBlc3QlMjB1biUyMHNlcnZpY2UlMjBlbnRpJUMzJUE4cmVtZW50JTIwY29uc2FjciVDMyVBOSUyMGF1eCUyMGpvYnMlMjBkJUUyJTgwJTk5JUMzJUE5dCVDMyVBOSUyMGF1eCUyMCVDMyU4OXRhdHMtVW5pcyUyMGF2ZWMlMjBwbHVzJTIwZGUlMjAxJTIwMDAwJTIwb2ZmcmVzJTIwZCVFMiU4MCU5OWVtcGxvaSUyMCVDMyVBMCUyMHBvdXJ2b2lyJTIwY2hhcXVlJTIwYW5uJUMzJUE5ZS4lM0MlMkZzcGFuJTNFJTNDJTJGcCUzRSUzQyUyRmElM0U=[\/vc_raw_html][vc_raw_html el_class=\u00a0\u00bbbloc-service\u00a0\u00bb]JTNDYSUyMGhyZWYlM0QlMjJodHRwJTNBJTJGJTJGd3d3Lmdyb3VwZS1hZGlvbmEuY29tJTJGZnIlMkZsZXMtc2VydmljZXMtZHUtZ3JvdXBlLWFkaW9uYSUyRiUyMzYlMjIlMjB0YXJnZXQlM0QlMjJfcGFyZW50JTIyJTNFJTNDZGl2JTIwY2xhc3MlM0QlMjJmaXhMb2dvJTIyJTNFJTNDZGl2JTIwY2xhc3MlM0QlMjJsb2dvLWdyaXMlMjBsb2dvLWhvbGluZ28lMjIlM0UlM0MlMkZkaXYlM0UlM0NkaXYlMjBjbGFzcyUzRCUyMmxvZ28taG92ZXIlMjBsb2dvLWhvbGluZ28lMjIlM0UlM0MlMkZkaXYlM0UlM0MlMkZkaXYlM0UlMEElMjZuYnNwJTNCJTBBJTBBJTNDcCUzRSUzQ3NwYW4lMjBzdHlsZSUzRCUyMmNvbG9yJTNBJTIwJTIzNjM2OTdmJTNCJTIyJTNFSG9saW5nbyUyMGVzdCUyMGxlJTIwcHJlbWllciUyMHNpdGUlMjBkZSUyMHMlQzMlQTlqb3VyJTIwbGluZ3Vpc3RpcXVlJTIwc2FucyUyMGludGVybSVDMyVBOWRpYWlyZS4lM0MlMkZzcGFuJTNFJTNDJTJGcCUzRSUzQyUyRmElM0U=[\/vc_raw_html][vc_raw_html el_class=\u00a0\u00bbbloc-service\u00a0\u00bb]JTNDYSUyMGhyZWYlM0QlMjJodHRwJTNBJTJGJTJGd3d3Lmdyb3VwZS1hZGlvbmEuY29tJTJGJTIzY29sb3Bob24lMjIlMjB0YXJnZXQlM0QlMjJfcGFyZW50JTIyJTNFJTNDaDUlM0UlRTIlODAlQTZldCUyMHVuJTIwciVDMyVBOXNlYXUlMjBkZSUyMGJsb2dzJTIwZXQlMjBzaXRlcyUyMHNwJUMzJUE5Y2lhbGlzJUMzJUE5cy4lM0MlMkZoNSUzRSUwQSUwQSUzQ3AlM0UlM0NzcGFuJTIwc3R5bGUlM0QlMjJjb2xvciUzQSUyMCUyMzYzNjk3ZiUzQiUyMiUzRVJldHJvdXZleiUyMHRvdXMlMjBsZXMlMjBjb25zZWlscyUyMGV0JTIwYXN0dWNlcyUyMGF1dG91ciUyMGRlJTIwdGglQzMlQThtZXMlMjBzcCVDMyVBOWNpZmlxdWVzJTIwcXVpJTIwaW50JUMzJUE5cmVzc2VudCUyMGxlcyUyMCVDMyVBOXR1ZGlhbnRzJTIwJTI4c3RhZ2UlMjBhdXglMjBVU0ElMkMlMjBzdGFnZSUyMGF1JTIwQ2FuYWRhJTJDJTIwc3RhZ2UlMjBlbiUyMEFtJUMzJUE5cmlxdWUlMjBMYXRpbmUlMkMlMjBldGMuJTI5LiUzQyUyRnNwYW4lM0UlM0MlMkZwJTNFJTNDJTJGYSUzRQ==[\/vc_raw_html][vc_empty_space height=\u00a0\u00bb64px\u00a0\u00bb][\/vc_column][vc_column width=\u00a0\u00bb1\/3&Prime;][\/vc_column][\/vc_row][vc_row css=\u00a0\u00bb.vc_custom_1462290544156{margin-top: 150px !important;margin-right: 0px !important;margin-left: 0px !important;padding-top: 200px !important;padding-right: 30px !important;padding-bottom: 30px !important;padding-left: 30px !important;background: #77575a url(https:\/\/www.groupe-adiona.com\/wp-content\/uploads\/2016\/03\/backgd-accueil3.jpg?id=72) !important;background-position: center !important;background-repeat: no-repeat !important;background-size: cover !important;}\u00a0\u00bb el_class=\u00a0\u00bbslide-4-home section\u00a0\u00bb][vc_column width=\u00a0\u00bb1\/3&Prime;][vc_column_text css=\u00a0\u00bb.vc_custom_1459525188330{margin-top: 0px !important;padding-top: 0px !important;}\u00a0\u00bb]<\/p>\n<h2><span style=\"color: #ffffff;\">La force<br \/>\nd&rsquo;un r\u00e9seau<\/span><\/h2>\n<p>[\/vc_column_text][vc_btn title=\u00a0\u00bbEN SAVOIR PLUS SUR NOTRE R\u00c9SEAU\u00a0\u00bb style=\u00a0\u00bboutline\u00a0\u00bb shape=\u00a0\u00bbsquare\u00a0\u00bb align=\u00a0\u00bbleft\u00a0\u00bb link=\u00a0\u00bburl:http%3A%2F%2Fwww.groupe-adiona.com%2Ffr%2Fle-reseau-adiona%2F||\u00a0\u00bb][\/vc_column][vc_column width=\u00a0\u00bb1\/3&Prime; css=\u00a0\u00bb.vc_custom_1459525223160{padding-top: 80px !important;}\u00a0\u00bb][vc_column_text]<span style=\"color: #ffffff;\"><strong class=\"gd-chiffres\">40\u00a0000<\/strong><\/span><br \/>\n<span style=\"color: #ffffff;\">\u00e9tudiants accompagn\u00e9s<\/span><br \/>\n<span style=\"color: #ffffff;\">depuis 2009<\/span>[\/vc_column_text][vc_column_text]<span style=\"color: #ffffff;\"><strong class=\"gd-chiffres\">1 000<\/strong><\/span><br \/>\n<span style=\"color: #ffffff;\">entreprises partenaires <\/span><br \/>\n<span style=\"color: #ffffff;\">allant des startups<\/span><br \/>\n<span style=\"color: #ffffff;\">aux multinationales <\/span><br \/>\n<span style=\"color: #ffffff;\">en passant par les PME<\/span>[\/vc_column_text][\/vc_column][vc_column width=\u00a0\u00bb1\/3&Prime; css=\u00a0\u00bb.vc_custom_1462291976770{padding-top: 80px !important;padding-bottom: 350px !important;}\u00a0\u00bb][vc_column_text el_class=\u00a0\u00bbder-chiffres\u00a0\u00bb]<span style=\"color: #ffffff;\"><strong class=\"tres-gd-chiffres\">15<\/strong>professionnels du recrutement international issus de 5 nationalit\u00e9s diff\u00e9rentes <\/span>[\/vc_column_text][vc_column_text el_class=\u00a0\u00bbder-chiffres\u00a0\u00bb]<span style=\"color: #ffffff;\">Un r\u00e9seau de <\/span><br \/>\n<span style=\"color: #ffffff;\"><strong class=\"gd-chiffres float-left\">10<\/strong> ambassadeurs dans les plus grandes \u00e9coles et universit\u00e9s fran\u00e7aises<\/span>[\/vc_column_text][\/vc_column][\/vc_row][vc_row css=\u00a0\u00bb.vc_custom_1462289563500{margin-right: 0px !important;margin-left: 0px !important;padding-top: 100px !important;padding-right: 30px !important;padding-bottom: 30px !important;padding-left: 30px !important;background: #403939 url(https:\/\/www.groupe-adiona.com\/wp-content\/uploads\/2016\/03\/backgd-accueil4.jpg?id=73) !important;background-position: center left !important;background-repeat: no-repeat !important;background-size: cover !important;}\u00a0\u00bb el_class=\u00a0\u00bbslide-5-home section\u00a0\u00bb][vc_column width=\u00a0\u00bb1\/3&Prime;][\/vc_column][vc_column width=\u00a0\u00bb2\/3&Prime; css=\u00a0\u00bb.vc_custom_1459525223160{padding-top: 80px !important;}\u00a0\u00bb][vc_column_text]<\/p>\n<h1 style=\"text-align: center;\"><span style=\"color: #2c9cd3;\">ILS PARLENT D&rsquo;ADIONA<\/span><\/h1>\n<p>&nbsp;<\/p>\n<p>&nbsp;<\/p>\n<p><img loading=\"lazy\" class=\"alignleft size-full wp-image-92\" src=\"https:\/\/www.groupe-adiona.com\/wp-content\/uploads\/2016\/03\/guillemet-ouvert.png\" alt=\"t\u00e9moignage d'\u00e9tudiants ayant fait un stage \u00e0 l'\u00e9tranger\" width=\"50\" height=\"50\" \/> <span style=\"color: #ffffff;\"> Ayant toujours r\u00eav\u00e9 de partir faire un stage \u00e0 l\u2019\u00e9tranger, rendu par ailleurs obligatoire par ma formation, je me suis vite heurt\u00e9 \u00e0 un probl\u00e8me de taille\u00a0: la difficult\u00e9 de trouver un stage de qualit\u00e9 et la complexit\u00e9 des d\u00e9marches \u00e0 r\u00e9aliser obligatoirement avant le d\u00e9part. Heureusement les diff\u00e9rents services du Groupe Adiona m\u2019ont accompagn\u00e9 de A \u00e0 Z, que ce soit pour trouver une entreprise s\u00e9rieuse et renomm\u00e9e, obtenir mon visa rapidement ou encore pour m\u2019assurer un suivi r\u00e9gulier durant tout mon stage. Je pense que l\u2019expertise du Groupe Adiona peut \u00eatre une bonne solution si l\u2019on d\u00e9sire partir sereinement avec une prise en charge globale du d\u00e9but jusqu\u2019\u00e0 la fin de son projet. D\u2019ailleurs pour partir faire un job d\u2019\u00e9t\u00e9 \u00e0 l\u2019\u00e9tranger l\u2019ann\u00e9e prochaine je sais d\u00e9j\u00e0 vers qui me tourner\u00a0!<\/span> <img loading=\"lazy\" class=\"alignnone size-full wp-image-91\" style=\"vertical-align: top;\" src=\"https:\/\/www.groupe-adiona.com\/wp-content\/uploads\/2016\/03\/guillemet-ferme.png\" alt=\"des \u00e9tudiants avec une exp\u00e9rience \u00e0 l'\u00e9tranger\" width=\"50\" height=\"50\" \/><\/p>\n<p>&nbsp;<\/p>\n<p><span style=\"color: #ffffff;\"><em>Julien, 23 ans, Kedge Business School<\/em><\/span>[\/vc_column_text][\/vc_column][\/vc_row][vc_row css=\u00a0\u00bb.vc_custom_1462289663525{margin-right: 0px !important;margin-left: 0px !important;padding-top: 100px !important;padding-right: 30px !important;padding-bottom: 30px !important;padding-left: 30px !important;background-color: #e1dcdc !important;}\u00a0\u00bb el_class=\u00a0\u00bbslide-6-home section\u00a0\u00bb][vc_column width=\u00a0\u00bb1\/4&Prime; css=\u00a0\u00bb.vc_custom_1461857699238{margin-top: -90px !important;}\u00a0\u00bb][vc_column_text]<\/p>\n<h1 style=\"text-align: left;\"><span style=\"color: #2c9cd3;\">ADIONA EN BREF..<\/span><\/h1>\n<p>[\/vc_column_text][\/vc_column][vc_column width=\u00a0\u00bb1\/2&Prime; css=\u00a0\u00bb.vc_custom_1462292089038{margin-bottom: 50px !important;padding-top: 20px !important;padding-right: 20px !important;padding-bottom: 20px !important;padding-left: 20px !important;background-color: #f6f4f4 !important;}\u00a0\u00bb][vc_wp_posts title=\u00a0\u00bbNOS DERNI\u00c8RES ACTUALIT\u00c9S\u00a0\u00bb number=\u00a0\u00bb3&Prime; show_date=\u00a0\u00bb1&Prime;][\/vc_column][vc_column width=\u00a0\u00bb1\/4&Prime;][vc_column_text el_class=\u00a0\u00bbbloc-secondaire bloc-newsletter\u00a0\u00bb]<\/p>\n<h5><a href=\"mailto:contact@groupe-adiona.com?subject=Demande%20d'inscription \u00e0 la newsletter Adiona&amp;body=Nom : %0D%0APr\u00e9nom : %0D%0AAdresse email :\" target=\"_blank\" rel=\"noopener\">Etre inform\u00e9 des actualit\u00e9s du groupe ?<\/a><\/h5>\n<p>&nbsp;<\/p>\n<p><a href=\"mailto:contact@groupe-adiona.com?subject=Demande%20d'inscription \u00e0 la newsletter Adiona&amp;body=Nom : %0D%0APr\u00e9nom : %0D%0AAdresse email :\" target=\"_blank\" rel=\"noopener\">Inscrivez-vous pour recevoir notre newsletter<\/a>[\/vc_column_text][vc_column_text el_class=\u00a0\u00bbbloc-secondaire bloc-espace-presse\u00a0\u00bb]<\/p>\n<h5><a href=\"https:\/\/www.groupe-adiona.com\/fr\/contactez-nous\/#3\">Espace presse<\/a><\/h5>\n<p>&nbsp;<\/p>\n<p><a href=\"https:\/\/www.groupe-adiona.com\/fr\/contactez-nous\/#3\">Retrouvez l\u2019ensemble de nos derni\u00e8res publications.<\/a>[\/vc_column_text][vc_column_text el_class=\u00a0\u00bbbloc-secondaire bloc-espace-presse\u00a0\u00bb]<\/p>\n<h5><a href=\"https:\/\/www.groupe-adiona.com\/fr\/contactez-nous\/#2\">Nous rencontrer<\/a><\/h5>\n<p>&nbsp;<\/p>\n<p><a href=\"https:\/\/www.groupe-adiona.com\/fr\/contactez-nous\/#2\">Venez \u00e0 notre rencontre lors des salons, forums stage &amp; emploi ou pr\u00e9sentations sur les campus !<\/a><\/p>\n<p><a href=\"https:\/\/www.groupe-adiona.com\/fr\/contactez-nous\/#2\">Cliquez-ici<\/a>[\/vc_column_text][\/vc_column][\/vc_row]<\/p>\n","protected":false},"excerpt":{"rendered":"<p>[vc_row full_height=\u00a0\u00bbyes\u00a0\u00bb css=\u00a0\u00bb.vc_custom_1507557680634{padding-top: 100px !important;padding-right: 30px !important;padding-bottom: 30px !important;padding-left: 30px !important;background: #927072 url(https:\/\/www.groupe-adiona.com\/wp-content\/uploads\/2016\/03\/backgd-accueil1.jpg?id=43) !important;background-position: center !important;background-repeat: no-repeat !important;background-size: cover !important;}\u00a0\u00bb [&hellip;]<\/p>\n","protected":false},"author":1,"featured_media":0,"parent":0,"menu_order":0,"comment_status":"closed","ping_status":"closed","template":"","meta":[],"_links":{"self":[{"href":"https:\/\/www.groupe-adiona.com\/fr\/wp-json\/wp\/v2\/pages\/5"}],"collection":[{"href":"https:\/\/www.groupe-adiona.com\/fr\/wp-json\/wp\/v2\/pages"}],"about":[{"href":"https:\/\/www.groupe-adiona.com\/fr\/wp-json\/wp\/v2\/types\/page"}],"author":[{"embeddable":true,"href":"https:\/\/www.groupe-adiona.com\/fr\/wp-json\/wp\/v2\/users\/1"}],"replies":[{"embeddable":true,"href":"https:\/\/www.groupe-adiona.com\/fr\/wp-json\/wp\/v2\/comments?post=5"}],"version-history":[{"count":149,"href":"https:\/\/www.groupe-adiona.com\/fr\/wp-json\/wp\/v2\/pages\/5\/revisions"}],"predecessor-version":[{"id":2428,"href":"https:\/\/www.groupe-adiona.com\/fr\/wp-json\/wp\/v2\/pages\/5\/revisions\/2428"}],"wp:attachment":[{"href":"https:\/\/www.groupe-adiona.com\/fr\/wp-json\/wp\/v2\/media?parent=5"}],"curies":[{"name":"wp","href":"https:\/\/api.w.org\/{rel}","templated":true}]}}