{"id":327,"date":"2016-04-22T17:36:20","date_gmt":"2016-04-22T16:36:20","guid":{"rendered":"http:\/\/localhost\/adiona\/?page_id=327"},"modified":"2021-03-22T14:40:02","modified_gmt":"2021-03-22T13:40:02","slug":"mentions-legales","status":"publish","type":"page","link":"https:\/\/www.groupe-adiona.com\/fr\/mentions-legales\/","title":{"rendered":"Mentions l\u00e9gales"},"content":{"rendered":"<p>[vc_row el_class=\u00a0\u00bbsection mention-legales\u00a0\u00bb][vc_column][vc_column_text]<\/p>\n<h2>Mentions l\u00e9gales<\/h2>\n<p>[\/vc_column_text][vc_row_inner][vc_column_inner width=\u00a0\u00bb1\/2&Prime;][vc_column_text]<strong>Information \u00e9diteur :<\/strong><\/p>\n<p>Ce site est \u00e9dit\u00e9 par Phoenix Education \u2013 152 chemin de la Petite Bastide \u2013 13770 Venelles \u2013 T\u00e9l\u00e9phone : +33 (0)4 13 41 58 37 \u2013 Mail : contact@groupe-adiona.com<\/p>\n<p><strong>Droits d\u2019auteur \u2013 copyrights :<\/strong><\/p>\n<p>L\u2019ensemble de ce site rel\u00e8ve de la l\u00e9gislation fran\u00e7aise et internationale sur le droit d\u2019auteur et la propri\u00e9t\u00e9 intellectuelle. Tous droits de reproduction sont r\u00e9serv\u00e9s, y compris pour les repr\u00e9sentations iconographiques et photographiques. La reproduction de tout ou partie de ce site sur un support quel qu\u2019il soit est formellement interdite.<\/p>\n<p><strong>Loi informatique et libert\u00e9s :<\/strong><\/p>\n<p>En France, les donn\u00e9es personnelles sont notamment prot\u00e9g\u00e9es par la loi n\u00b0 78-87 du 6 janvier 1978, la loi n\u00b0 2004-801 du 6 ao\u00fbt 2004, l\u2019article L. 226-13 du Code p\u00e9nal et la Directive Europ\u00e9enne du 24 octobre 1995. Les informations recueillies sur ce site au sein du formulaire de demande de documentation font l\u2019objet d\u2019un traitement informatique destin\u00e9 \u00e0 r\u00e9pondre au mieux \u00e0 votre demande d\u2019information. Elles ne seront utilis\u00e9es que dans ce cadre-l\u00e0 et uniquement par Phoenix Education. Conform\u00e9ment \u00e0 la loi \u201cinformatique et libert\u00e9s\u201d du 6 janvier 1978 modifi\u00e9e en 2004, vous b\u00e9n\u00e9ficiez d\u2019un droit d\u2019acc\u00e8s et de rectification aux informations qui vous concernent, que vous pouvez exercer en vous adressant \u00e0 Phoenix Education \u2013 152 chemin de la Petite Bastide \u2013 13770 Venelles \u2013 T\u00e9l\u00e9phone: +33 (0)4 13 41 58 37 \u2013 Mail : contact@groupe-adiona.com<\/p>\n<p><strong>Cr\u00e9dits photos : <\/strong>I&rsquo;m creator.com, designerspics.com, pexels, fotolia<\/p>\n<p><strong>Conception-r\u00e9alisation : <\/strong>Studio Christelle Arnaud \u2013 Site Web : <a href=\"http:\/\/www.christelle-arnaud.fr\" target=\"_blank\" rel=\"noopener\">www.christelle-arnaud.fr<\/a><\/p>\n<p><strong>H\u00e9bergement : <\/strong>Ce site est h\u00e9berg\u00e9 par Answeb : <a href=\"http:\/\/www.answeb.net\" target=\"_blank\" rel=\"noopener\">www.answeb.net<\/a>[\/vc_column_text][\/vc_column_inner][vc_column_inner width=\u00a0\u00bb1\/2&Prime;][vc_column_text]<\/p>\n<p>[\/vc_column_text][\/vc_column_inner][\/vc_row_inner][\/vc_column][\/vc_row]<\/p>\n","protected":false},"excerpt":{"rendered":"<p>[vc_row el_class=\u00a0\u00bbsection mention-legales\u00a0\u00bb][vc_column][vc_column_text] Mentions l\u00e9gales [\/vc_column_text][vc_row_inner][vc_column_inner width=\u00a0\u00bb1\/2&Prime;][vc_column_text]Information \u00e9diteur : Ce site est \u00e9dit\u00e9 par Phoenix Education \u2013 152 chemin de [&hellip;]<\/p>\n","protected":false},"author":1,"featured_media":0,"parent":0,"menu_order":0,"comment_status":"closed","ping_status":"closed","template":"","meta":[],"_links":{"self":[{"href":"https:\/\/www.groupe-adiona.com\/fr\/wp-json\/wp\/v2\/pages\/327"}],"collection":[{"href":"https:\/\/www.groupe-adiona.com\/fr\/wp-json\/wp\/v2\/pages"}],"about":[{"href":"https:\/\/www.groupe-adiona.com\/fr\/wp-json\/wp\/v2\/types\/page"}],"author":[{"embeddable":true,"href":"https:\/\/www.groupe-adiona.com\/fr\/wp-json\/wp\/v2\/users\/1"}],"replies":[{"embeddable":true,"href":"https:\/\/www.groupe-adiona.com\/fr\/wp-json\/wp\/v2\/comments?post=327"}],"version-history":[{"count":20,"href":"https:\/\/www.groupe-adiona.com\/fr\/wp-json\/wp\/v2\/pages\/327\/revisions"}],"predecessor-version":[{"id":2489,"href":"https:\/\/www.groupe-adiona.com\/fr\/wp-json\/wp\/v2\/pages\/327\/revisions\/2489"}],"wp:attachment":[{"href":"https:\/\/www.groupe-adiona.com\/fr\/wp-json\/wp\/v2\/media?parent=327"}],"curies":[{"name":"wp","href":"https:\/\/api.w.org\/{rel}","templated":true}]}}