{"id":16,"date":"2016-03-31T17:45:45","date_gmt":"2016-03-31T16:45:45","guid":{"rendered":"http:\/\/localhost\/adiona\/?page_id=16"},"modified":"2020-10-05T14:32:17","modified_gmt":"2020-10-05T13:32:17","slug":"contactez-nous","status":"publish","type":"page","link":"https:\/\/www.groupe-adiona.com\/fr\/contactez-nous\/","title":{"rendered":"Contactez-nous"},"content":{"rendered":"<p>[vc_row el_class=\u00a0\u00bbslide-1-contact section\u00a0\u00bb css=\u00a0\u00bb.vc_custom_1462291541601{padding-top: 150px !important;padding-bottom: 30px !important;background-image: url(https:\/\/www.groupe-adiona.com\/wp-content\/uploads\/2016\/03\/backgd-contact1.jpg?id=240) !important;}\u00a0\u00bb][vc_column width=\u00a0\u00bb1\/3&Prime;][\/vc_column][vc_column width=\u00a0\u00bb1\/3&Prime;][vc_column_text css=\u00a0\u00bb.vc_custom_1463580881855{padding-bottom: 250px !important;}\u00a0\u00bb]<\/p>\n<h6>Contactez-nous<\/h6>\n<p>&nbsp;<\/p>\n<p><span style=\"color: #ffffff;\">Si vous souhaitez contacter le groupe Adiona pour obtenir des informations suppl\u00e9mentaires ou pour toute autre question, merci de compl\u00e9ter ce formulaire :<\/span><br \/>\n<div role=\"form\" class=\"wpcf7\" id=\"wpcf7-f214-o1\" lang=\"fr-FR\" dir=\"ltr\">\n<div class=\"screen-reader-response\"><p role=\"status\" aria-live=\"polite\" aria-atomic=\"true\"><\/p> <ul><\/ul><\/div>\n<form action=\"\/fr\/wp-json\/wp\/v2\/pages\/16#wpcf7-f214-o1\" method=\"post\" class=\"wpcf7-form init\" novalidate=\"novalidate\" data-status=\"init\">\n<div style=\"display: none;\">\n<input type=\"hidden\" name=\"_wpcf7\" value=\"214\" \/>\n<input type=\"hidden\" name=\"_wpcf7_version\" value=\"5.4\" \/>\n<input type=\"hidden\" name=\"_wpcf7_locale\" value=\"fr_FR\" \/>\n<input type=\"hidden\" name=\"_wpcf7_unit_tag\" value=\"wpcf7-f214-o1\" \/>\n<input type=\"hidden\" name=\"_wpcf7_container_post\" value=\"0\" \/>\n<input type=\"hidden\" name=\"_wpcf7_posted_data_hash\" value=\"\" \/>\n<\/div>\n<p><span class=\"wpcf7-form-control-wrap prenom\"><input type=\"text\" name=\"prenom\" value=\"\" size=\"40\" class=\"wpcf7-form-control wpcf7-text wpcf7-validates-as-required\" aria-required=\"true\" aria-invalid=\"false\" placeholder=\"Pr\u00e9nom\" \/><\/span><span class=\"wpcf7-form-control-wrap nom\"><input type=\"text\" name=\"nom\" value=\"\" size=\"40\" class=\"wpcf7-form-control wpcf7-text wpcf7-validates-as-required\" aria-required=\"true\" aria-invalid=\"false\" placeholder=\"Nom\" \/><\/span><br \/>\n<span class=\"wpcf7-form-control-wrap email\"><input type=\"email\" name=\"email\" value=\"\" size=\"40\" class=\"wpcf7-form-control wpcf7-text wpcf7-email wpcf7-validates-as-required wpcf7-validates-as-email\" aria-required=\"true\" aria-invalid=\"false\" placeholder=\"email\" \/><\/span> <span class=\"wpcf7-form-control-wrap fonction\"><input type=\"text\" name=\"fonction\" value=\"\" size=\"40\" class=\"wpcf7-form-control wpcf7-text\" aria-invalid=\"false\" placeholder=\"Fonction\" \/><\/span><br \/>\n<span class=\"wpcf7-form-control-wrap societe\"><input type=\"text\" name=\"societe\" value=\"\" size=\"40\" class=\"wpcf7-form-control wpcf7-text\" aria-invalid=\"false\" placeholder=\"Soci\u00e9t\u00e9\" \/><\/span><span class=\"wpcf7-form-control-wrap Objet\"><select name=\"Objet\" class=\"wpcf7-form-control wpcf7-select\" aria-invalid=\"false\"><option value=\"Partenariat\">Partenariat<\/option><option value=\"Offre\">Offre<\/option><option value=\"M\u00e9dia\">M\u00e9dia<\/option><option value=\"\u00c9v\u00e9nements\">\u00c9v\u00e9nements<\/option><option value=\"Autre\">Autre<\/option><\/select><\/span><br \/>\n<span class=\"wpcf7-form-control-wrap message\"><textarea name=\"message\" cols=\"40\" rows=\"10\" class=\"wpcf7-form-control wpcf7-textarea\" aria-invalid=\"false\" placeholder=\"Pr\u00e9cisez l&#039;objet de votre contact\"><\/textarea><\/span><\/p>\n<p class=\"legendes\">*Champs obligatoires\n<p\/>\n<input type=\"submit\" value=\"Envoyer\" class=\"wpcf7-form-control wpcf7-submit\" \/><\/p>\n<div class=\"wpcf7-response-output\" aria-hidden=\"true\"><\/div><\/form><\/div>[\/vc_column_text][\/vc_column][vc_column width=\u00a0\u00bb1\/3&Prime; el_class=\u00a0\u00bbcoordonnees\u00a0\u00bb css=\u00a0\u00bb.vc_custom_1462292273170{padding-bottom: 250px !important;}\u00a0\u00bb][vc_column_text]<\/p>\n<h6>Coordonn\u00e9es<\/h6>\n<p>&nbsp;<\/p>\n<p><span style=\"color: #ffffff;\">Groupe Adiona<\/span><br \/>\n<span style=\"color: #ffffff;\">152 chemin de la Petite Bastide<\/span><br \/>\n<span style=\"color: #ffffff;\">F-13770 Venelles<\/span><\/p>\n<p>&nbsp;<\/p>\n<p><span style=\"color: #ffffff;\">T\u00e9l\u00e9phone : +33(0)4\u00a013 41 58 37<\/span><br \/>\n<span style=\"color: #ffffff;\">Mail : contact(at)groupe-adiona.com<\/span>[\/vc_column_text][\/vc_column][\/vc_row][vc_row el_class=\u00a0\u00bbslide-2-contact section\u00a0\u00bb css=\u00a0\u00bb.vc_custom_1462291603673{padding-top: 150px !important;padding-bottom: 30px !important;background-image: url(https:\/\/www.groupe-adiona.com\/wp-content\/uploads\/2016\/03\/backgd-contact2.jpg?id=231) !important;}\u00a0\u00bb][vc_column width=\u00a0\u00bb1\/3&Prime;][\/vc_column][vc_column width=\u00a0\u00bb1\/6&Prime;][\/vc_column][vc_column width=\u00a0\u00bb1\/3&Prime;][vc_column_text]<\/p>\n<h6>SUR LES CAMPUS<\/h6>\n<p>&nbsp;<\/p>\n<p><span style=\"color: #ffffff;\">Nos \u00e9quipes se d\u00e9placent r\u00e9guli\u00e8rement sur les campus des diff\u00e9rentes \u00e9coles de commerce, de management, ou encore d\u2019ing\u00e9nieurs en France pour pr\u00e9senter les services du groupe Adiona.<\/span>[\/vc_column_text][vc_column_text css=\u00a0\u00bb.vc_custom_1462807035948{margin-top: 20px !important;border-top-width: 1px !important;border-right-width: 1px !important;border-bottom-width: 1px !important;border-left-width: 1px !important;padding-top: 20px !important;padding-right: 20px !important;padding-bottom: 20px !important;padding-left: 20px !important;border-left-color: #a89283 !important;border-left-style: solid !important;border-right-color: #a89283 !important;border-right-style: solid !important;border-top-color: #a89283 !important;border-top-style: solid !important;border-bottom-color: #a89283 !important;border-bottom-style: solid !important;}\u00a0\u00bb]<\/p>\n<p style=\"text-align: center;\"><span style=\"color: #ffffff;\"><strong>Dates des prochaines interventions\u00a0:<\/strong><\/span><\/p>\n<ul>\n<li><span style=\"color: #ffffff;\"><strong>21\/08\/2017<\/strong> <strong>:<\/strong> HETIC Paris<\/span><\/li>\n<li><span style=\"color: #ffffff;\"><strong>04\/10\/2017<\/strong> <strong>:<\/strong> IAE Aix en Provence<\/span><\/li>\n<li><span style=\"color: #ffffff;\"><strong>09\/10\/2017 :<\/strong> ESG Aix En Provence<\/span><\/li>\n<li><span style=\"color: #ffffff;\"><strong>10\/10\/2017 :<\/strong> Sciences Po Aix En Provence<\/span><\/li>\n<li><span style=\"color: #ffffff;\"><strong>12\/10\/2017 :<\/strong> Paris Business School<\/span><\/li>\n<li><span style=\"color: #ffffff;\"><strong>12\/10\/2017<\/strong> <strong>:<\/strong> EPITECH Paris<\/span><\/li>\n<li><span style=\"color: #ffffff;\"><strong>13\/10\/2017 : <\/strong>ESTP<\/span><\/li>\n<li><span style=\"color: #ffffff;\"><strong>13\/10\/2017 :\u00a0<\/strong>ESTACA<\/span><\/li>\n<li><span style=\"color: #ffffff;\"><strong>16\/10\/2017 :<\/strong> IPAG Paris<\/span><\/li>\n<li><span style=\"color: #ffffff;\"><strong>19\/10\/2017 :<\/strong> IUM Monaco<br \/>\n<\/span><\/li>\n<li><span style=\"color: #ffffff;\"><strong>19\/10\/2017 :<\/strong> IAE Aix en Provence<\/span><\/li>\n<li><span style=\"color: #ffffff;\"><strong>26\/10\/2017 :<\/strong> Seatech Toulon<br \/>\n<\/span><\/li>\n<li><span style=\"color: #ffffff;\"><strong>02\/11\/2017 :<\/strong> HETIC<\/span><\/li>\n<li><span style=\"color: #ffffff;\"><strong>09\/11\/2017<\/strong> <strong>:<\/strong> SIGMA<\/span><\/li>\n<li><span style=\"color: #ffffff;\"><strong>15\/11\/2017 :<\/strong> HETIC<\/span><\/li>\n<li><span style=\"color: #ffffff;\"><strong>22\/11\/2017 :<\/strong> EM Lyon<\/span><\/li>\n<\/ul>\n<p>[\/vc_column_text][vc_column_text css=\u00a0\u00bb.vc_custom_1461077796469{margin-top: 20px !important;}\u00a0\u00bb]<br \/>\n<span style=\"color: #ffffff;\">Vous souhaitez que nous venions pr\u00e9senter nos services \u00e0 vos \u00e9tudiants\u00a0? Contactez-nous pour que nous puissions fixer une date ensemble\u00a0!<\/span>[\/vc_column_text][\/vc_column][vc_column width=\u00a0\u00bb1\/6&Prime;][\/vc_column][\/vc_row][vc_row el_class=\u00a0\u00bbslide-3-contact section middle\u00a0\u00bb css=\u00a0\u00bb.vc_custom_1462291615619{padding-top: 150px !important;padding-bottom: 30px !important;}\u00a0\u00bb][vc_column width=\u00a0\u00bb1\/3&Prime;][\/vc_column][vc_column width=\u00a0\u00bb1\/3&Prime;][vc_column_text]<\/p>\n<h6>ESPACE PRESSE<\/h6>\n<p>&nbsp;<\/p>\n<p style=\"text-align: center;\">Articles, rapports, conf\u00e9rences, communiqu\u00e9s de presse, retrouvez l&rsquo;ensemble de nos publications et des parutions.<\/p>\n<p>[\/vc_column_text][vc_column_text]<\/p>\n<p style=\"text-align: center;\"><strong>\u00a0&gt; MyInternshipAbroad : <a href=\"http:\/\/blog.myinternshipabroad.com\/myinternshipabroad-dans-la-presse\/\" target=\"_blank\" rel=\"noopener\">Voir les articles de presse<\/a><\/strong><\/p>\n<p>&nbsp;<\/p>\n<p style=\"text-align: center;\"><strong>&gt; Nos communiqu\u00e9s de presse :<\/strong><\/p>\n<p>&nbsp;<\/p>\n<ul>\n<li><span style=\"color: #ffffff;\"><a href=\"https:\/\/www.groupe-adiona.com\/pdf\/CP-02-05-16-crowdfunding.pdf\" target=\"_blank\" rel=\"noopener\"><strong>Communiqu\u00e9 de presse \u00ab\u00a0MyInternshipAbroad, premi\u00e8re entreprise \u00e0 utiliser la nouvelle plateforme de crowdlending du MEDEF PACA\u00a0\u00bb <\/strong>(2 mai 2016 &#8211; PDF 191 kO)<\/a><\/span><\/li>\n<li><span style=\"color: #ffffff;\"><a href=\"http:\/\/blog.myinternshipabroad.com\/wp-content\/uploads\/2016\/06\/CP-13.06.16-MyInternshipAbroad.pdf\" target=\"_blank\" rel=\"noopener\"><strong>Communiqu\u00e9 de presse \u00ab\u00a0La startup MyInternshipAbroad r\u00e9ussit sa campagne de crowdfunding\u00a0\u00bb <\/strong>(13 juin 2016 &#8211; PDF)<\/a><\/span><\/li>\n<li><span style=\"color: #ffffff;\"><a href=\"http:\/\/bit.ly\/2cX4Iuv\" target=\"_blank\" rel=\"noopener\"><strong>Communiqu\u00e9 de presse \u00ab\u00a0Le Groupe Adiona lance un service de s\u00e9jour au Pair aux USA et au Royaume-Uni\u00a0\u00bb <\/strong>(14 septembre 2016 &#8211; PDF)<\/a><\/span><\/li>\n<li><a href=\"http:\/\/bit.ly\/CP-Adiona\" target=\"_blank\" rel=\"noopener\"><strong>Communiqu\u00e9 de presse \u00ab\u00a0Une lev\u00e9e de fond de 525 000 \u20ac pour s&rsquo;attaquer au ch\u00f4mage des jeunes \u00a0\u00bb\u00a0<\/strong>( 15 septembre 2017 &#8211; PDF)<\/a><\/li>\n<\/ul>\n<p>[\/vc_column_text][\/vc_column][vc_column width=\u00a0\u00bb1\/3&Prime;][\/vc_column][\/vc_row]<\/p>\n","protected":false},"excerpt":{"rendered":"<p>[vc_row el_class=\u00a0\u00bbslide-1-contact section\u00a0\u00bb css=\u00a0\u00bb.vc_custom_1462291541601{padding-top: 150px !important;padding-bottom: 30px !important;background-image: url(https:\/\/www.groupe-adiona.com\/wp-content\/uploads\/2016\/03\/backgd-contact1.jpg?id=240) !important;}\u00a0\u00bb][vc_column width=\u00a0\u00bb1\/3&Prime;][\/vc_column][vc_column width=\u00a0\u00bb1\/3&Prime;][vc_column_text css=\u00a0\u00bb.vc_custom_1463580881855{padding-bottom: 250px !important;}\u00a0\u00bb] Contactez-nous &nbsp; Si vous souhaitez [&hellip;]<\/p>\n","protected":false},"author":1,"featured_media":0,"parent":0,"menu_order":0,"comment_status":"closed","ping_status":"closed","template":"","meta":[],"_links":{"self":[{"href":"https:\/\/www.groupe-adiona.com\/fr\/wp-json\/wp\/v2\/pages\/16"}],"collection":[{"href":"https:\/\/www.groupe-adiona.com\/fr\/wp-json\/wp\/v2\/pages"}],"about":[{"href":"https:\/\/www.groupe-adiona.com\/fr\/wp-json\/wp\/v2\/types\/page"}],"author":[{"embeddable":true,"href":"https:\/\/www.groupe-adiona.com\/fr\/wp-json\/wp\/v2\/users\/1"}],"replies":[{"embeddable":true,"href":"https:\/\/www.groupe-adiona.com\/fr\/wp-json\/wp\/v2\/comments?post=16"}],"version-history":[{"count":91,"href":"https:\/\/www.groupe-adiona.com\/fr\/wp-json\/wp\/v2\/pages\/16\/revisions"}],"predecessor-version":[{"id":2470,"href":"https:\/\/www.groupe-adiona.com\/fr\/wp-json\/wp\/v2\/pages\/16\/revisions\/2470"}],"wp:attachment":[{"href":"https:\/\/www.groupe-adiona.com\/fr\/wp-json\/wp\/v2\/media?parent=16"}],"curies":[{"name":"wp","href":"https:\/\/api.w.org\/{rel}","templated":true}]}}