{"id":1344,"date":"2018-06-08T09:19:02","date_gmt":"2018-06-08T08:19:02","guid":{"rendered":"https:\/\/www.groupe-adiona.com\/?page_id=1344"},"modified":"2021-03-22T15:40:23","modified_gmt":"2021-03-22T14:40:23","slug":"politique-de-confidentialite","status":"publish","type":"page","link":"https:\/\/www.groupe-adiona.com\/fr\/politique-de-confidentialite\/","title":{"rendered":"Politique de confidentialit\u00e9 du Groupe Adiona \/ Phoenix Education"},"content":{"rendered":"<p>[vc_row el_class=\u00a0\u00bbsection mention-legales\u00a0\u00bb][vc_column][vc_column_text]<\/p>\n<h2 style=\"text-align: center;\">Politique de confidentialit\u00e9<\/h2>\n<hr \/>\n<p><img loading=\"lazy\" class=\"size-full wp-image-757 aligncenter\" src=\"https:\/\/www.groupe-adiona.com\/wp-content\/uploads\/2016\/11\/adiona-signature.jpg\" alt=\"\" width=\"150\" height=\"58\" \/><\/p>\n<p style=\"text-align: center;\">[\/vc_column_text][vc_row_inner][vc_column_text]<\/p>\n<h3><strong>1.Qui sommes-nous\u00a0?<\/strong><\/h3>\n<p>Phoenix Education est l\u2019acteur incontournable de l\u2019exp\u00e9rience \u00e9tudiante en France et \u00e0 l\u2019\u00e9tranger. Nous proposons des services innovants bas\u00e9s sur notre expertise.<\/p>\n<p>Notre mission\u00a0? Ouvrir les portes en France et \u00e0 l\u2019international aux \u00e9tudiants dans tous les projets qui leur permettront d\u2019acqu\u00e9rir une exp\u00e9rience \u00e0 l\u2019\u00e9tranger indispensable tant sur le plan personnel que professionnel.<\/p>\n<p>Nous sommes domicili\u00e9s au\u00a0:<\/p>\n<p style=\"text-align: center;\">152 chemin de la Petite Bastide<br \/>\n13770 Venelles, France.<\/p>\n<h3><strong>2.Donn\u00e9es personnelles<\/strong><\/h3>\n<p>Dans le cadre de l\u2019utilisation de ses services, Phoenix Education en qualit\u00e9 de responsable de traitement, est susceptible de collecter et traiter des donn\u00e9es \u00e0 caract\u00e8re personnel vous concernant.<\/p>\n<p>Ainsi, nous nous engageons \u00e0 garantir un niveau de protection \u00e9lev\u00e9 des donn\u00e9es personnelles de nos clients, prospects, utilisateurs de nos sites internet, nos applications mobiles et de toute autre personne dont nous traitons les donn\u00e9es personnelles.<\/p>\n<p>La politique de confidentialit\u00e9 de Phoenix Education s&rsquo;applique \u00e0 toutes les donn\u00e9es personnelles telles qu&rsquo;elles sont d\u00e9finies, ce qui inclut les donn\u00e9es personnelles collect\u00e9es ou soumises \u00e0 travers nos sites internet, nos applications mobiles, via nos r\u00e9seaux sociaux ou tout autre canal (regroup\u00e9s sous la d\u00e9nomination de Phoenix Education).<\/p>\n<p>Le terme \u00ab\u00a0donn\u00e9es personnelles\u00a0\u00bb regroupe toutes les informations qui permettraient de vous identifier tel que\u00a0:<\/p>\n<ul>\n<li>Nom ou renseignements du contact (code postal, adresse, e-mail, num\u00e9ro de t\u00e9l\u00e9phone, date de naissance, pays de r\u00e9sidence)<\/li>\n<li>Informations de compte (identifiant, image de profil, identifiant d\u2019un compte de r\u00e9seau social)<\/li>\n<li>Informations techniques comme le pseudonyme, adresse IP, donn\u00e9es de l\u2019appareil utilis\u00e9 (t\u00e9l\u00e9phone, mobile, ordinateur, tablette \u2026), du syst\u00e8me ou du navigateur, les donn\u00e9es d\u2019utilisation d\u2019une application ou du site internet et les donn\u00e9es de localisation<\/li>\n<li>Les pr\u00e9f\u00e9rences (habitudes d\u2019achats, projets d\u2019orientation)<\/li>\n<li>Nom, adresse de la soci\u00e9t\u00e9 ou de l\u2019\u00e9tablissement scolaire<\/li>\n<li>Num\u00e9ro de carte de cr\u00e9dit ou de d\u00e9bit<\/li>\n<li>L\u2019\u00e9tat de sant\u00e9 (allergies ou toute autre affection chronique)<\/li>\n<\/ul>\n<p>Il est important de noter que si vous ne pouvez ou ne souhaitez pas nous transmettre les informations personnelles dont nous avons besoin, nous ne serons pas en mesure de vous fournir les informations sur les biens ou services dont vous souhaitez b\u00e9n\u00e9ficier.<\/p>\n<h3><strong>3. S\u00e9curit\u00e9<\/strong><\/h3>\n<p>Veiller \u00e0 la s\u00e9curit\u00e9 et \u00e0 la confidentialit\u00e9 des donn\u00e9es personnelles que vous nous confiez est une priorit\u00e9 pour Phoenix Education.<\/p>\n<p>Nous mettons ainsi en \u0153uvre toutes les mesures techniques, organisationnelles et administratives utiles et appropri\u00e9es pour faire en sorte que les donn\u00e9es personnelles que vous nous communiquez soient exactes et \u00e0 jour, ainsi que pour les prot\u00e9ger des risques pr\u00e9sent\u00e9s par leur traitement, pr\u00e9server leur s\u00e9curit\u00e9 et, notamment, emp\u00eacher toute destruction, perte, alt\u00e9ration, divulgation, intrusion ou acc\u00e8s non autoris\u00e9 \u00e0 ces donn\u00e9es, de mani\u00e8re accidentelle ou illicite. Vous avez ainsi l\u2019assurance de souscrire \u00e0 nos services en toute confidentialit\u00e9 et s\u00fbret\u00e9.<\/p>\n<p>Phoenix Education est attach\u00e9 au respect des r\u00e8gles de protection de la vie priv\u00e9e de ses clients, des prospects et des visiteurs de son site internet, ses pages en r\u00e9seaux sociaux, son site mobile et ses applications mobiles, et s\u2019engage \u00e0 respecter la r\u00e8glementation applicable \u00e0 l\u2019ensemble des traitements de donn\u00e9es personnelles qu\u2019elle met en \u0153uvre.<\/p>\n<p>Plus particuli\u00e8rement, nous nous engageons \u00e0 respecter les principes suivants\u00a0:<\/p>\n<ul>\n<li>Lic\u00e9it\u00e9, loyaut\u00e9 et transparence\u00a0: vos donn\u00e9es personnelles sont trait\u00e9es de mani\u00e8re licite, loyale et transparente.<\/li>\n<li>Limitation des finalit\u00e9s\u00a0: vos donn\u00e9es personnelles sont collect\u00e9es pour des finalit\u00e9s d\u00e9termin\u00e9es, explicites et l\u00e9gitimes, et ne sont pas trait\u00e9es ult\u00e9rieurement d\u2019une mani\u00e8re incompatible avec ces finalit\u00e9s.<\/li>\n<li>Minimisation des donn\u00e9es\u00a0: vos donn\u00e9es sont conserv\u00e9es de mani\u00e8re ad\u00e9quate, pertinente et son limit\u00e9es \u00e0 ce qui est n\u00e9cessaire au regard des finalit\u00e9s pour lesquelles elles sont trait\u00e9es.<\/li>\n<li>Exactitude\u00a0: vos donn\u00e9es personnelles sont exactes, tenues \u00e0 jour et toutes les mesures raisonnables sont prises pour que les donn\u00e9es inexactes soient effac\u00e9es ou rectifi\u00e9es sans tarder.<\/li>\n<\/ul>\n<p>L&rsquo;ensemble des traitements de donn\u00e9es personnelles mis en \u0153uvre dans le cadre des services accessibles respecte la r\u00e9glementation locale applicable en mati\u00e8re de protection des donn\u00e9es personnelles et notamment les dispositions de la loi \u00ab informatique et libert\u00e9s \u00bb du 6\u00a0janvier\u00a01978 modifi\u00e9e et le R\u00e8glement G\u00e9n\u00e9ral sur la Protection des Donn\u00e9es (R\u00e8glement UE 2016\/679) ou \u00ab\u00a0RGPD\u00a0\u00bb.<\/p>\n<h3><strong>4.Utilisation de donn\u00e9es<\/strong><\/h3>\n<p>Dans le cadre de nos relations, vous \u00eates susceptibles de nous communiquer vos donn\u00e9es personnelles par diff\u00e9rents moyens et notamment sur nos sites internet, nos sites mobiles et applications mobiles lors de vos navigations internet, achats, en remplissant les divers formulaires, lors d\u2019une souscription \u00e0 la e-newsletter, lors de la cr\u00e9ation d&rsquo;un compte, lorsque vous d\u00e9posez une candidature, lors d\u2019une conf\u00e9rence en \u00e9cole, lorsque vous publiez des commentaires sur nos pages de r\u00e9seaux sociaux, lorsque vous \u00e9tablissez tout contact avec Phoenix Education ou lorsque vous nous transmettez de toute autre mani\u00e8re vos donn\u00e9es personnelles.<\/p>\n<p>Vos donn\u00e9es sont principalement utilis\u00e9es \u00e0 des fins de souscription et d\u2019achat de prestations ou services sp\u00e9cifiques : prestations, prospection, fid\u00e9lisation, animation, information commerciale, enqu\u00eates de satisfaction, organisation de jeux concours, nouveaux services et produits destin\u00e9s \u00e0 am\u00e9liorer votre exp\u00e9rience client, \u00e9tudes statistiques, recrutement, service apr\u00e8s-vente, traitement de vos demandes et\/ou r\u00e9clamations, mais \u00e9galement afin d\u2019assurer votre s\u00e9curit\u00e9 et votre s\u00fbret\u00e9.<\/p>\n<h3><strong>5.Conservation de donn\u00e9es<\/strong><\/h3>\n<p>Phoenix Education conserve vos donn\u00e9es personnelles conform\u00e9ment aux dur\u00e9es de conservation impos\u00e9es par les lois applicables en vigueur.<\/p>\n<p>Nous conserverons donc vos informations \u00e0 caract\u00e8re personnel uniquement aussi longtemps que votre compte est actif, que n\u00e9cessaire pour vous fournir les services, ou autrement si n\u00e9cessaire aux fins d\u00e9crites dans la pr\u00e9sente politique. Les donn\u00e9es du candidat constitu\u00e9es de l\u2019ensemble des informations le concernant, seront gard\u00e9es durant 5 ans ou supprim\u00e9es de la base de donn\u00e9es de la soci\u00e9t\u00e9 de Phoenix Education sur simple demande de sa part.<\/p>\n<h3><strong>6.Vos droits<\/strong><\/h3>\n<p>Conform\u00e9ment aux dispositions des articles 38 et suivants de la loi 78-17 du 6 janvier 1978, vous pouvez consulter, mettre \u00e0 jour, corriger ou supprimer certaines informations \u00e0 caract\u00e8re personnel que nous collectons ou recevons vous concernant.<\/p>\n<p>Sur demande, nous pouvons vous fournir des informations sur le traitement de vos informations \u00e0 caract\u00e8re personnel. Dans certains cas, vous pouvez avoir le droit de recevoir une copie de vos informations autres que les informations que nous sommes tenus de conserver. Dans certains cas vous pouvez \u00e9galement avoir le droit de restreindre ou de limiter les mani\u00e8res dont nous utilisons vos informations en fonction de nos int\u00e9r\u00eats l\u00e9gitimes ou dans l\u2019int\u00e9r\u00eat public, vous pouvez vous opposer \u00e0 ce traitement dans certaines circonstances, dans de tels cas nous cesserons de traiter vos informations \u00e0 moins que nous ayons des motifs l\u00e9gitimes imp\u00e9rieux de poursuivre le traitement ou lorsque cela est n\u00e9cessaire pour des raisons l\u00e9gales.<\/p>\n<p>Lorsque vous avez donn\u00e9 votre consentement au traitement de vos informations, vous avez le droit de retirer votre consentement \u00e0 tout moment. Si vous ne souhaitez plus recevoir de messages marketing, vous pouvez vous d\u00e9sinscrire.<\/p>\n<p>Si vous ne souhaitez plus utiliser les Services ou recevoir des messages li\u00e9s au service, vous pouvez fermer votre compte \u00e0 tout moment.<\/p>\n<p>Pour exercer l\u2019un de ces droits, vous pouvez adresser un mail \u00e0 l\u2019adresse suivante\u00a0:<br \/>\n<a href=\"mailto:support@groupe-adiona.com\">support@groupe-adiona.com<\/a><\/p>\n<p>Ou un courrier postal \u00e0 l\u2019adresse suivante\u00a0:<\/p>\n<p style=\"text-align: center;\">Phoenix Education \u2013 service juridique<br \/>\n152 chemin de la Petite Bastide<br \/>\n13770 VENELLES<\/p>\n<h3><strong>7.D\u00e9sabonnement<\/strong><\/h3>\n<p>Si vous souhaitez \u00e0 tout moment cesser de recevoir des communications marketing de notre part, vous pouvez utiliser la fonction de d\u00e9sabonnement ou le centre de pr\u00e9f\u00e9rence pr\u00e9sents dans notre communication marketing que vous avez re\u00e7ue ou nous le faire savoir en utilisant les informations de contact r\u00e9pertori\u00e9es dans la section \u00ab\u00a0Nous contacter\u00a0\u00bb. Dans votre demande, veuillez bien indiquer que vous souhaitez cesser de recevoir des communications marketing de notre part. Veuillez noter que les modifications peuvent ne pas entrer en vigueur imm\u00e9diatement, cependant nous nous efforcerons de r\u00e9pondre \u00e0 vos demandes dans les meilleurs d\u00e9lais. Vous pouvez \u00e9galement faire part de votre demande \u00e0 l&rsquo;adresse : <a href=\"mailto:support@groupe-adiona.com\">support@groupe-adiona.com<\/a><\/p>\n<h3><strong>8.Gestion des cookies<\/strong><\/h3>\n<p>L\u2019utilisateur est inform\u00e9 que, lors de ses visites sur le site Phoenix Education, un cookie peut \u00eatre implant\u00e9 dans son ordinateur. Ce cookie ne permet pas d\u2019identifier l\u2019utilisateur. De mani\u00e8re g\u00e9n\u00e9rale, il enregistre des informations relatives \u00e0 la navigation de son ordinateur sur le site (pages consult\u00e9es, date et heure de la consultation) qui pourront \u00eatre lues lors de ses visites ult\u00e9rieures. L\u2019utilisateur peut s\u2019opposer \u00e0 l\u2019enregistrement de cookies, ou \u00eatre pr\u00e9venu avant d\u2019accepter les cookies, en configurant son ordinateur de la mani\u00e8re suivante :<\/p>\n<ul>\n<li><em>Pour Microsoft Internet Explorer 6 et au del\u00e0 : <\/em>Choisissez le menu \u00ab\u00a0Outils\u00a0\u00bb (ou \u00ab\u00a0Tools\u00a0\u00bb), puis \u00ab\u00a0Options Internet\u00a0\u00bb (ou \u00ab\u00a0Internet Options\u00a0\u00bb). Cliquez sur l\u2019onglet \u00ab\u00a0Confidentialit\u00e9\u00a0\u00bb (ou \u00ab\u00a0Confidentiality\u00a0\u00bb). Puis s\u00e9lectionnez le niveau souhait\u00e9 \u00e0 l\u2019aide du curseur ou cliquez sur le bouton \u00ab\u00a0avanc\u00e9\u00a0\u00bb pour personnaliser votre gestion des cookies.<\/li>\n<li><em>Pour Microsoft Internet Explorer 5 : <\/em>Choisissez le menu \u00ab\u00a0Outils\u00a0\u00bb (ou \u00ab\u00a0Tools\u00a0\u00bb), puis \u00ab\u00a0Option Internet\u00a0\u00bb (ou \u00ab\u00a0Internet Options\u00a0\u00bb). Cliquez sur l\u2019onglet \u00ab\u00a0S\u00e9curit\u00e9\u00a0\u00bb (ou \u00ab\u00a0Security\u00a0\u00bb), s\u00e9lectionnez \u00ab\u00a0Internet\u00a0\u00bb puis \u00ab\u00a0Personnaliser le niveau\u00a0\u00bb (ou \u00ab\u00a0Custom Level\u00a0\u00bb) puis rep\u00e9rez la rubrique \u00ab\u00a0cookies\u00a0\u00bb et choisissez l\u2019option qui vous convient.<\/li>\n<li><em>Pour Firefox :<\/em> Choisissez le menu \u00ab\u00a0Outils\u00a0\u00bb, \u00ab\u00a0Options\u00a0\u00bb. Cliquez sur l\u2019option \u00ab\u00a0Vie priv\u00e9e\u00a0\u00bb dans la rubrique \u00ab\u00a0Cookies\u00a0\u00bb.<\/li>\n<li><em>Pour Op\u00e9ra : <\/em>Choisissez le menu \u00ab\u00a0Fichier\u00a0\u00bb, puis \u00ab\u00a0Pr\u00e9f\u00e9rences\u00a0\u00bb et enfin Vie priv\u00e9e.<\/li>\n<li><em>Pour Google Chrome : <\/em>Cliquez sur l\u2019ic\u00f4ne repr\u00e9sentant une cl\u00e9 \u00e0 molette qui est situ\u00e9e dans la barre d\u2019outils du navigateur. S\u00e9lectionnez Options (Pr\u00e9f\u00e9rences sous Mac et Linux, Param\u00e8tres sur un Chromebook). Choisissez l\u2019onglet Options avanc\u00e9es. Cliquez sur l\u2019option Param\u00e8tres de contenu de la section \u00ab\u00a0Confidentialit\u00e9\u00a0\u00bb. Dans la bo\u00eete de dialogue Param\u00e8tres de contenu qui s\u2019affiche, cliquez sur l\u2019onglet Cookies.<\/li>\n<\/ul>\n<h3><strong>9.Modification de la politique de confidentialit\u00e9<\/strong><\/h3>\n<p>Notre politique de confidentialit\u00e9 peut \u00eatre mise \u00e0 jour de temps en temps. Nous ne r\u00e9duirons en aucun cas de mani\u00e8re significative vos droits en vertu de cette politique de confidentialit\u00e9 sans vous en informer au pr\u00e9alable.<\/p>\n<p>Nous afficherons toute modification apport\u00e9e \u00e0 la politique de confidentialit\u00e9 sur cette page et, avant de proc\u00e9der \u00e0 de tels changements votre consentement pr\u00e9alable \u00e0 tout changement.<\/p>\n<p>Cette version a \u00e9t\u00e9 mise \u00e0 jour le 5 octobre 2020.<\/p>\n<h3><strong>10.Nous contacter<\/strong><\/h3>\n<p>Si vous avez des questions ou des commentaires concernant le pr\u00e9sent avis, vos informations \u00e0 caract\u00e8re personnel ou vos choix et droits, veuillez nous contacter\u00a0:<\/p>\n<p>Par t\u00e9l\u00e9phone\u00a0: +33 (0)4 13 41 58 37<\/p>\n<p>Par mail\u00a0: <a href=\"mailto:support@groupe-adiona.com\">support@groupe-adiona.com<\/a><\/p>\n<p>Par courrier : Phoenix Education \u2013 152 chemin de la Petite Bastide F-13770 Venelles &#8211; France<\/p>\n<p>[\/vc_column_text][\/vc_row_inner][\/vc_column][\/vc_row]<\/p>\n","protected":false},"excerpt":{"rendered":"<p>[vc_row el_class=\u00a0\u00bbsection mention-legales\u00a0\u00bb][vc_column][vc_column_text] Politique de confidentialit\u00e9 [\/vc_column_text][vc_row_inner][vc_column_text] 1.Qui sommes-nous\u00a0? Phoenix Education est l\u2019acteur incontournable de l\u2019exp\u00e9rience \u00e9tudiante en France et [&hellip;]<\/p>\n","protected":false},"author":1,"featured_media":0,"parent":0,"menu_order":0,"comment_status":"closed","ping_status":"closed","template":"","meta":[],"_links":{"self":[{"href":"https:\/\/www.groupe-adiona.com\/fr\/wp-json\/wp\/v2\/pages\/1344"}],"collection":[{"href":"https:\/\/www.groupe-adiona.com\/fr\/wp-json\/wp\/v2\/pages"}],"about":[{"href":"https:\/\/www.groupe-adiona.com\/fr\/wp-json\/wp\/v2\/types\/page"}],"author":[{"embeddable":true,"href":"https:\/\/www.groupe-adiona.com\/fr\/wp-json\/wp\/v2\/users\/1"}],"replies":[{"embeddable":true,"href":"https:\/\/www.groupe-adiona.com\/fr\/wp-json\/wp\/v2\/comments?post=1344"}],"version-history":[{"count":25,"href":"https:\/\/www.groupe-adiona.com\/fr\/wp-json\/wp\/v2\/pages\/1344\/revisions"}],"predecessor-version":[{"id":2491,"href":"https:\/\/www.groupe-adiona.com\/fr\/wp-json\/wp\/v2\/pages\/1344\/revisions\/2491"}],"wp:attachment":[{"href":"https:\/\/www.groupe-adiona.com\/fr\/wp-json\/wp\/v2\/media?parent=1344"}],"curies":[{"name":"wp","href":"https:\/\/api.w.org\/{rel}","templated":true}]}}