{"id":10,"date":"2016-03-31T17:45:08","date_gmt":"2016-03-31T16:45:08","guid":{"rendered":"http:\/\/localhost\/adiona\/?page_id=10"},"modified":"2020-03-02T14:23:18","modified_gmt":"2020-03-02T13:23:18","slug":"les-services-du-groupe-adiona","status":"publish","type":"page","link":"https:\/\/www.groupe-adiona.com\/fr\/les-services-du-groupe-adiona\/","title":{"rendered":"Les services"},"content":{"rendered":"<p>[vc_row el_class=\u00a0\u00bbslide-1-services section\u00a0\u00bb css=\u00a0\u00bb.vc_custom_1474015798420{padding-top: 100px !important;padding-bottom: 30px !important;background-image: url(https:\/\/www.groupe-adiona.com\/wp-content\/uploads\/2016\/03\/backgd-partenaires2.jpg?id=351) !important;}\u00a0\u00bb][vc_column width=\u00a0\u00bb1\/2&Prime; css=\u00a0\u00bb.vc_custom_1462290998309{padding-bottom: 150px !important;}\u00a0\u00bb][vc_column_text]<\/p>\n<h6>WE DO<\/h6>\n<h2><span style=\"color: #ffffff;\">LE STAGE \u00c0 L&rsquo;\u00c9TRANGER<\/span><br \/>\n<span class=\"sub-h2\" style=\"color: #ffffff;\"> by\u00a0\u00a0<img loading=\"lazy\" class=\"alignnone wp-image-2187 size-full\" src=\"https:\/\/www.groupe-adiona.com\/wp-content\/uploads\/2019\/10\/MIA_logo_2018_150x45.png\" alt=\"\" width=\"150\" height=\"45\" \/><\/span><\/h2>\n<p><span style=\"color: #ffffff;\">MyInternshipAbroad, sp\u00e9cialiste du stage \u00e0 l\u2019\u00e9tranger depuis 2009, accompagne les \u00e9tudiants dans leur projet d&rsquo;internationalisation avec, pour objectif, de vivre une exp\u00e9rience unique dans un pays \u00e9tranger.<\/span><\/p>\n<p><span style=\"color: #ffffff;\">L\u2019entreprise les accompagne dans leur recherche de stage en les mettant en relation avec nos entreprises partenaires \u00e9voluant dans les diff\u00e9rents secteurs d\u2019activit\u00e9s : marketing, communication, commerce, ing\u00e9nierie, droit, finance, RH, etc.<\/span><\/p>\n<p><span style=\"color: #ffffff;\">Depuis sa cr\u00e9ation, c\u2019est plus de 40 000 \u00e9tudiants qui ont fait confiance \u00e0 MyInternshipAbroad pour leur recherche de stage \u00e0 l\u2019\u00e9tranger et plus de 1 300 offres s\u00e9lectionn\u00e9es et v\u00e9rifi\u00e9es par an, afin que les \u00e9tudiants puissent partir en toute s\u00e9r\u00e9nit\u00e9. Un service de coaching personnalis\u00e9 (CV, lettre de motivation et entretien) est \u00e9galement propos\u00e9 aux \u00e9tudiants pour compl\u00e9ter cette offre.<\/span><\/p>\n<p>&nbsp;<\/p>\n<p><a class=\"button clair\" href=\"http:\/\/www.myinternshipabroad.com\/\" target=\"_blank\" rel=\"noopener\">Voir le site<\/a>[\/vc_column_text][\/vc_column][vc_column width=\u00a0\u00bb1\/2&Prime;][\/vc_column][\/vc_row][vc_row el_class=\u00a0\u00bbslide-1-services section\u00a0\u00bb css=\u00a0\u00bb.vc_custom_1579083149951{padding-top: 100px !important;padding-bottom: 30px !important;}\u00a0\u00bb][vc_column width=\u00a0\u00bb1\/2&Prime; css=\u00a0\u00bb.vc_custom_1462290998309{padding-bottom: 150px !important;}\u00a0\u00bb][vc_column_text]<\/p>\n<h6>WE DO<\/h6>\n<h2>LES MISSIONS INTERNATIONALES EN ENTREPRISE<\/h2>\n<h2><span class=\"sub-h2\">by<\/span><span class=\"sub-h2\">\u00a0<img loading=\"lazy\" class=\"wp-image-2187 size-full alignnone\" src=\"https:\/\/www.groupe-adiona.com\/wp-content\/uploads\/2019\/10\/MIA_logo_2018_150x45.png\" alt=\"\" width=\"150\" height=\"45\" \/><\/span><\/h2>\n<h2><\/h2>\n<p>En plus d&rsquo;aider les \u00e9tudiants dans leur recherche de stage, MyInternshipAbroad propose \u00e9galement un service destin\u00e9 aux jeunes dipl\u00f4m\u00e9s d\u00e9sirant entamer leur carri\u00e8re \u00e0 l&rsquo;international via le dispositif de volontariat international en entreprise. Mis en place depuis le d\u00e9but des ann\u00e9es 2000, celui-ci permet \u00e0 des personnes \u00e2g\u00e9es de 18 \u00e0 28 ans d&rsquo;int\u00e9grer une entreprise fran\u00e7aise ou l&rsquo;une de ses filiales \u00e0 l&rsquo;\u00e9tranger. Proposant de nombreux avantages (r\u00e9mun\u00e9ration attractive, postes \u00e0 responsabilit\u00e9s, statut public avantageux, boost de carri\u00e8re&#8230;), ce programme vise \u00e0 encourager la mobilit\u00e9 g\u00e9ographique des jeunes dipl\u00f4m\u00e9s et le transfert de comp\u00e9tences.<\/p>\n<p>&nbsp;<\/p>\n<p><a class=\"button gris\" href=\"https:\/\/www.myinternshipabroad.com\/vie-le-concept\/?utm_source=groupe_adiona&amp;utm_medium=referral&amp;utm_campaign=site_adiona_presentation_vie\" target=\"_blank\" rel=\"noopener\">Voir le site<\/a>[\/vc_column_text][\/vc_column][vc_column width=\u00a0\u00bb1\/2&Prime;][\/vc_column][\/vc_row][vc_row full_height=\u00a0\u00bbyes\u00a0\u00bb el_class=\u00a0\u00bbslide-2-services section\u00a0\u00bb css=\u00a0\u00bb.vc_custom_1461083519506{padding-top: 250px !important;background-image: url(https:\/\/www.groupe-adiona.com\/wp-content\/uploads\/2016\/03\/backgd-service2.jpg?id=260) !important;}\u00a0\u00bb][vc_column width=\u00a0\u00bb1\/2&Prime;][vc_column_text]<\/p>\n<h6>WE DO<\/h6>\n<h2><span style=\"color: #ffffff;\">LE VISA J-1<\/span><br \/>\n<span class=\"sub-h2\" style=\"color: #ffffff;\"> by <img loading=\"lazy\" class=\"alignnone size-full wp-image-254\" src=\"https:\/\/www.groupe-adiona.com\/wp-content\/uploads\/2016\/03\/visa-j-1.png\" alt=\"Visa J-1\" width=\"129\" height=\"33\" \/><\/span><\/h2>\n<p><span style=\"color: #ffffff;\">Par le biais de l&rsquo;entreprise Groupe Adiona, nous accompagnons les \u00e9tudiants dans tout le processus d\u2019obtention du Visa J-1, obligatoire pour tout stage aux Etats-Unis. <\/span><\/p>\n<p><span style=\"color: #ffffff;\">Notre \u00e9quipe d\u00e9di\u00e9e b\u00e9n\u00e9ficie de 100% d\u2019acceptation \u00e0 l\u2019ambassade des Etats-Unis \u00e0 Paris. De surcro\u00eet, Groupe Adiona se positionne sur l&rsquo;offre d&rsquo;accompagnement dans les d\u00e9marches d&rsquo;obtention du Visa J-1 la plus comp\u00e9titive du march\u00e9.<\/span><\/p>\n<p>&nbsp;<\/p>\n<p><a class=\"button\" href=\"http:\/\/www.visa-j1.fr\/\" target=\"_blank\" rel=\"noopener\">Voir le site<\/a>[\/vc_column_text][\/vc_column][vc_column width=\u00a0\u00bb1\/2&Prime;][\/vc_column][\/vc_row][vc_row full_height=\u00a0\u00bbyes\u00a0\u00bb el_class=\u00a0\u00bbslide-2-services section\u00a0\u00bb css=\u00a0\u00bb.vc_custom_1461089969617{padding-top: 250px !important;background-image: url(https:\/\/www.groupe-adiona.com\/wp-content\/uploads\/2016\/03\/backgd-service3.jpg?id=267) !important;}\u00a0\u00bb][vc_column width=\u00a0\u00bb1\/2&Prime;][vc_column_text]<\/p>\n<h6>WE DO<\/h6>\n<h2>LES JOBS D&rsquo;\u00c9T\u00c9 AUX \u00c9TATS-UNIS<br \/>\n<span class=\"sub-h2\"> by <img loading=\"lazy\" class=\"wp-image-2359 alignnone\" src=\"https:\/\/www.groupe-adiona.com\/wp-content\/uploads\/2020\/01\/logo-wnt-site-adiona.png\" alt=\"\" width=\"150\" height=\"63\" \/><\/span><\/h2>\n<p>La soci\u00e9t\u00e9 Groupe Adiona accompagne \u00e9galement les \u00e9tudiants dans leurs projets d&#8217;emploi saisonnier aux Etats-Unis \u00e0 travers le programme Work and Travel. Les jobs propos\u00e9s durant la p\u00e9riode estivale et dans des domaines vari\u00e9s (h\u00f4tellerie, restauration, lifeguard, parc d\u2019attractions, etc.), sont r\u00e9mun\u00e9r\u00e9s en moyenne 1400$\/mois (incluant parfois le logement).<\/p>\n<p>Excellent moyen d\u2019acqu\u00e9rir une exp\u00e9rience internationale tout en d\u00e9veloppant leur niveau d\u2019anglais et leur r\u00e9seau \u00e0 l&rsquo;international, les \u00e9tudiants peuvent ainsi s\u2019immerger au c\u0153ur du monde du travail \u00e0 l&rsquo;\u00e9tranger tout comme de la culture am\u00e9ricaine.<\/p>\n<p>&nbsp;<\/p>\n<p><a class=\"button gris\" href=\"http:\/\/www.workntravel.fr\/\" target=\"_blank\" rel=\"noopener\">Voir le site<\/a>[\/vc_column_text][\/vc_column][vc_column width=\u00a0\u00bb1\/2&Prime;][\/vc_column][\/vc_row][vc_row full_height=\u00a0\u00bbyes\u00a0\u00bb el_class=\u00a0\u00bbslide-2-services section\u00a0\u00bb css=\u00a0\u00bb.vc_custom_1474014242157{padding-top: 250px !important;background-image: url(https:\/\/www.groupe-adiona.com\/wp-content\/uploads\/2016\/03\/backgd-groupe-1.jpg?id=364) !important;}\u00a0\u00bb][vc_column width=\u00a0\u00bb1\/2&Prime;][vc_column_text]<\/p>\n<h6>WE DO<\/h6>\n<h2><span style=\"color: #ffffff;\">LES\u00a0S\u00c9JOURS AU PAIR AUX USA ET AU\u00a0UK<\/span><br \/>\n<span class=\"sub-h2\" style=\"color: #ffffff;\"> by <img loading=\"lazy\" class=\"alignnone wp-image-1783 size-full\" src=\"https:\/\/www.groupe-adiona.com\/wp-content\/uploads\/2019\/04\/triple_logo_letsgopair.png\" alt=\"\" width=\"132\" height=\"30\" \/><\/span><\/h2>\n<p><span style=\"color: #ffffff;\">L\u2019agence Let\u2019s Go Pair accompagne les jeunes dans leurs projets d\u2019expatriation en tant que jeune fille ou jeune gar\u00e7on Au Pair aux USA ou en Angleterre. Partir Au Pair dans un pays anglophone sera b\u00e9n\u00e9fique \u00e0 tous points de vue\u00a0: am\u00e9lioration du niveau d\u2019anglais, ouverture d\u2019esprit, sens des responsabilit\u00e9s, autonomie et bien plus encore.<\/span><\/p>\n<p><span style=\"color: #ffffff;\">Let\u2019s Go Pair permet de partir pour l\u2019une de ces deux destinations l\u2019espace de quelques mois au sein d\u2019une famille anglaise ou am\u00e9ricaine v\u00e9rifi\u00e9e et s\u00e9curis\u00e9e, le tout \u00e0 prix r\u00e9duit.<\/span><\/p>\n<p><span style=\"color: #ffffff;\">Ready\u00a0? So let\u2019s go pair\u00a0!<\/span><\/p>\n<p>&nbsp;<\/p>\n<p><a class=\"button\" href=\"http:\/\/www.letsgopair.fr\" target=\"_blank\" rel=\"noopener\">Voir le site<\/a>[\/vc_column_text][\/vc_column][vc_column width=\u00a0\u00bb1\/2&Prime;][\/vc_column][\/vc_row][vc_row full_height=\u00a0\u00bbyes\u00a0\u00bb el_class=\u00a0\u00bbslide-2-services section\u00a0\u00bb css=\u00a0\u00bb.vc_custom_1474015297496{padding-top: 250px !important;background-image: url(https:\/\/www.groupe-adiona.com\/wp-content\/uploads\/2016\/03\/backgd-reseau3.jpg?id=281) !important;}\u00a0\u00bb][vc_column width=\u00a0\u00bb1\/2&Prime;][vc_column_text]<\/p>\n<h6>WE DO<\/h6>\n<h2><span style=\"color: #ffffff;\">STAGES ET EMPLOIS \u00c0 L&rsquo;\u00c9TRANGER<\/span><br \/>\n<span class=\"sub-h2\" style=\"color: #ffffff;\"> by <img loading=\"lazy\" class=\"alignnone wp-image-2181 size-full\" src=\"https:\/\/www.groupe-adiona.com\/wp-content\/uploads\/2019\/10\/Skiliz_logo_blanc_89x31.png\" alt=\"\" width=\"89\" height=\"31\" \/><\/span><\/h2>\n<p><span style=\"color: #ffffff;\">Avec Skiliz, les \u00e9tudiants et jeunes dipl\u00f4m\u00e9s trouveront rapidement et facilement l&rsquo;opportunit\u00e9 professionnelle \u00e0 l&rsquo;\u00e9tranger de leurs r\u00eaves.<\/span><\/p>\n<p><span style=\"color: #ffffff;\">Que ce soit pour un stage, un premier emploi, une mission de volontariat international en entreprise ou du b\u00e9n\u00e9volat, les talents de demain sont assur\u00e9s de postuler aupr\u00e8s d&rsquo;entreprises en qu\u00eate de profils junior.<\/span><\/p>\n<p><span style=\"color: #ffffff;\">Dans tous les secteurs et aux 4 coins du globe, de la start-up \u00e0 la multinationale en passant par la PME familiale, elles sont plusieurs milliers \u00e0 utiliser Skiliz pour leurs besoins en ressources humaines.<\/span><\/p>\n<p>&nbsp;<\/p>\n<p><a class=\"button clair\" href=\"https:\/\/www.skiliz.fr\/fr\/\" target=\"_blank\" rel=\"noopener\">Voir le site<\/a>[\/vc_column_text][\/vc_column][vc_column width=\u00a0\u00bb1\/2&Prime;][\/vc_column][\/vc_row][vc_row full_height=\u00a0\u00bbyes\u00a0\u00bb el_class=\u00a0\u00bbslide-2-services section\u00a0\u00bb css=\u00a0\u00bb.vc_custom_1516117654567{padding-top: 250px !important;background-image: url(https:\/\/www.groupe-adiona.com\/wp-content\/uploads\/2018\/01\/ban-holingo.png?id=1175) !important;}\u00a0\u00bb][vc_column width=\u00a0\u00bb1\/2&Prime;][vc_column_text]<\/p>\n<h6>WE DO<\/h6>\n<h2>LES S\u00c9JOURS LINGUISTIQUES SANS INTERM\u00c9DIAIRE<\/h2>\n<h2><span class=\"sub-h2\">by<\/span><span style=\"color: #ffffff;\"><span class=\"sub-h2\"><img loading=\"lazy\" class=\"wp-image-1174 alignnone\" src=\"https:\/\/www.groupe-adiona.com\/wp-content\/uploads\/2018\/01\/Holingo-Logo-PNG.png\" alt=\"\" width=\"146\" height=\"48\" srcset=\"https:\/\/www.groupe-adiona.com\/wp-content\/uploads\/2018\/01\/Holingo-Logo-PNG.png 3267w, https:\/\/www.groupe-adiona.com\/wp-content\/uploads\/2018\/01\/Holingo-Logo-PNG-300x99.png 300w, https:\/\/www.groupe-adiona.com\/wp-content\/uploads\/2018\/01\/Holingo-Logo-PNG-768x254.png 768w, https:\/\/www.groupe-adiona.com\/wp-content\/uploads\/2018\/01\/Holingo-Logo-PNG-1024x339.png 1024w\" sizes=\"(max-width: 146px) 100vw, 146px\" \/><\/span><\/span><\/h2>\n<p>Holingo\u00a0est\u00a0le\u00a01er\u00a0site\u00a0de\u00a0s\u00e9jours\u00a0linguistiques\u00a0qui\u00a0met\u00a0directement\u00a0en\u00a0relation\u00a0les\u00a0\u00e9tudiants\u00a0et\u00a0les\u00a0\u00e9coles\u00a0de\u00a0langues,\u00a0partout\u00a0dans\u00a0le\u00a0monde.<br \/>\nEn\u00a0supprimant\u00a0l&rsquo;interm\u00e9diaire,\u00a0Holingo\u00a0r\u00e9duit\u00a0les\u00a0frais\u00a0pour\u00a0proposer\u00a0des\u00a0s\u00e9jours\u00a0linguistiques\u00a0sur\u00a0mesure\u00a0\u00e0\u00a0prix\u00a0r\u00e9duit\u00a0!<\/p>\n<p>Les\u00a0\u00e9coles\u00a0et\u00a0les\u00a0programmes\u00a0sont\u00a0s\u00e9lectionn\u00e9s\u00a0sur\u00a0le\u00a0crit\u00e8re\u00a0de\u00a0satisfaction\u00a0des\u00a0\u00e9tudiants\u00a0et\u00a0Holingo\u00a0garantie\u00a0la\u00a0s\u00e9curit\u00e9\u00a0de\u00a0s\u00e9jour\u00a0et\u00a0des\u00a0paiements\u00a0pour\u00a0partir\u00a0en\u00a0toute\u00a0s\u00e9r\u00e9nit\u00e9\u00a0!<\/p>\n<p>&nbsp;<\/p>\n<p><a class=\"button gris\" href=\"https:\/\/www.holingo.com\/fr\" target=\"_blank\" rel=\"noopener\">Voir le site<\/a>[\/vc_column_text][\/vc_column][vc_column width=\u00a0\u00bb1\/2&Prime;][\/vc_column][\/vc_row]<\/p>\n","protected":false},"excerpt":{"rendered":"<p>[vc_row el_class=\u00a0\u00bbslide-1-services section\u00a0\u00bb css=\u00a0\u00bb.vc_custom_1474015798420{padding-top: 100px !important;padding-bottom: 30px !important;background-image: url(https:\/\/www.groupe-adiona.com\/wp-content\/uploads\/2016\/03\/backgd-partenaires2.jpg?id=351) !important;}\u00a0\u00bb][vc_column width=\u00a0\u00bb1\/2&Prime; css=\u00a0\u00bb.vc_custom_1462290998309{padding-bottom: 150px !important;}\u00a0\u00bb][vc_column_text] WE DO LE STAGE \u00c0 L&rsquo;\u00c9TRANGER [&hellip;]<\/p>\n","protected":false},"author":1,"featured_media":0,"parent":0,"menu_order":0,"comment_status":"closed","ping_status":"closed","template":"","meta":[],"_links":{"self":[{"href":"https:\/\/www.groupe-adiona.com\/fr\/wp-json\/wp\/v2\/pages\/10"}],"collection":[{"href":"https:\/\/www.groupe-adiona.com\/fr\/wp-json\/wp\/v2\/pages"}],"about":[{"href":"https:\/\/www.groupe-adiona.com\/fr\/wp-json\/wp\/v2\/types\/page"}],"author":[{"embeddable":true,"href":"https:\/\/www.groupe-adiona.com\/fr\/wp-json\/wp\/v2\/users\/1"}],"replies":[{"embeddable":true,"href":"https:\/\/www.groupe-adiona.com\/fr\/wp-json\/wp\/v2\/comments?post=10"}],"version-history":[{"count":74,"href":"https:\/\/www.groupe-adiona.com\/fr\/wp-json\/wp\/v2\/pages\/10\/revisions"}],"predecessor-version":[{"id":2431,"href":"https:\/\/www.groupe-adiona.com\/fr\/wp-json\/wp\/v2\/pages\/10\/revisions\/2431"}],"wp:attachment":[{"href":"https:\/\/www.groupe-adiona.com\/fr\/wp-json\/wp\/v2\/media?parent=10"}],"curies":[{"name":"wp","href":"https:\/\/api.w.org\/{rel}","templated":true}]}}